{"id":1025,"date":"2025-04-17T13:15:08","date_gmt":"2025-04-17T11:15:08","guid":{"rendered":"http:\/\/localhost\/psk\/wordpress\/?page_id=1025"},"modified":"2025-11-07T18:58:13","modified_gmt":"2025-11-07T17:58:13","slug":"dnf-junioren-trophy","status":"publish","type":"page","link":"https:\/\/psk-stuttgart-esslingen.de\/psk_wp\/dnf-junioren-trophy\/","title":{"rendered":"DNF Junioren Trophy"},"content":{"rendered":"<p>[et_pb_section fb_built=&#8220;1&#8243; _builder_version=&#8220;4.27.4&#8243; _module_preset=&#8220;default&#8220; global_colors_info=&#8220;{}&#8220;][et_pb_row column_structure=&#8220;1_4,3_4&#8243; _builder_version=&#8220;4.27.4&#8243; _module_preset=&#8220;default&#8220; global_colors_info=&#8220;{}&#8220;][et_pb_column type=&#8220;1_4&#8243; _builder_version=&#8220;4.27.4&#8243; _module_preset=&#8220;default&#8220; global_colors_info=&#8220;{}&#8220;][et_pb_sidebar _builder_version=&#8220;4.27.4&#8243; _module_preset=&#8220;default&#8220; global_colors_info=&#8220;{}&#8220;][\/et_pb_sidebar][\/et_pb_column][et_pb_column type=&#8220;3_4&#8243; _builder_version=&#8220;4.27.4&#8243; _module_preset=&#8220;default&#8220; global_colors_info=&#8220;{}&#8220;][et_pb_text _builder_version=&#8220;4.27.4&#8243; _module_preset=&#8220;default&#8220; global_colors_info=&#8220;{}&#8220;]<\/p>\n<h2 style=\"text-align: left;\">DNF Junioren Trophy <span style=\"color: #e02b20;\">&#8211; ins Archiv<\/span><\/h2>\n<p class=\"uk-article-meta\" style=\"text-align: left;\">\n<p style=\"text-align: left;\">Die DNF-Junioren-Trophy ist eine \u00fcberregionale Tour f\u00fcr Reiterinnen und Reiter bis 18 Jahre (Jahrgang 2000 und j\u00fcnger) der PSKs Alb-Donau, Stuttgart-Esslingen und Staufen\/Fils.<\/p>\n<p style=\"text-align: left;\">Neben der M\u00f6glichkeit auf 3 sehr guten Turnierpl\u00e4tzen und damit unter sehr guten Bedingungen reiten<br \/>zu k\u00f6nnen warten an den Stationen und insbesondere am Finale tolle Preise f\u00fcr die Sieger und die<br \/>Platzierten.<\/p>\n<p style=\"text-align: left;\">aktuelle Ergenisse:<\/p>\n<ul style=\"text-align: left;\">\n<li><a href=\"\/psk_wp\/wp-content\/uploads\/2018\/03\/20180506_DNF_Wertung_All_Endstand.pdf\" target=\"_blank\" rel=\"noopener\">Finalst\u00e4nde<\/a><\/li>\n<\/ul>\n<p style=\"text-align: left;\">Pressesplitter<\/p>\n<ul style=\"text-align: left;\">\n<li><a href=\"\/psk_wp\/wp-content\/uploads\/2025\/04\/20180320_Pressebericht_DNF_Trophy_Ehingen.pdf\" target=\"_blank\" rel=\"noopener\">Nach dem Turnier in Ehingen<\/a><\/li>\n<\/ul>\n<p style=\"text-align: left;\">Modus:<\/p>\n<p style=\"text-align: left;\">Alle ReiterInnen der 3 PSKs sind an allen Stationen startberechtigt und k\u00f6nnen sich unter<br \/>gleichaltrigen im Wettkampf messen.<\/p>\n<p style=\"text-align: left;\">\uf0d8 1. Station \u00a0 \u00a0 \u00a0 \u00a0 \u00a0 \u00a0 \u00a0 \u00a0 \u00a0 \u2013 Ehingen:\u00a0 17.\/18.03.2018<br \/>\uf0d8 2. Station \u00a0 \u00a0 \u00a0 \u00a0 \u00a0 \u00a0 \u00a0 \u00a0 \u00a0 \u2013 Weilheim: 28.\/29.04.2018<br \/>\uf0d8 3. Station und Finale \u00a0 \u2013 Birkhof: \u00a0\u00a0 05.\/06.05.2018<\/p>\n<p style=\"text-align: left;\">Es werden sowohl die Trophy-Einzelsieger als auch die PSK-Mannschaftssieger ermittelt.<br \/>\u00dcber die 3 geplanten Stationen kann jeder Reiter in den DNF-Wertungspr\u00fcfungen Punkte sammeln.<\/p>\n<p style=\"text-align: left;\">1. Platz = 50 Punkte. 2. Platz = 49 Punkte, 3. Platz =48 Punkte; usw.<\/p>\n<p style=\"text-align: left;\">Es gibt kein Streichergebnis.<\/p>\n<p style=\"text-align: left;\">Gewertet wird immer das erfolgreichste Pferd eines Reiters pro Wertungspr\u00fcfung. Relevant ist die<br \/>gesamte Durchplatzierung ggf. \u00fcber alle Abteilungen.<\/p>\n<p style=\"text-align: left;\">Gewertet wird jeder Reiter immer mit der besten Platzierung \u00fcber alle Klassen, an der er<br \/>teilgenommen hat. In allen anderen Klassen wird der Reiter aus der jeweiligen Wertung genommen.<\/p>\n<p style=\"text-align: left;\">Sollte eine Pr\u00fcfung an einer Station einer Klasse aus irgendeinem m\u00f6glichen Grund nicht durchgef\u00fchrt<br \/>werden, wird\/werden die jeweils andere\/en der Klasse gewertet.<\/p>\n<p style=\"text-align: left;\">Sollten die Richter in Ausnahmef\u00e4llen einer Wertungspr\u00fcfung, mit mehr als einer Abteilung nicht<br \/>dieselben sein, erfolgt eine separate Wertung pro Abteilung.<\/p>\n<p style=\"text-align: left;\">Der Trophy-Einzelsieger ist der Teilnehmer, der die meisten Punkte in einer Klasse erritten hat.<\/p>\n<p style=\"text-align: left;\">Der Trophy-Mannschaftsieger ist die Mannschaft, die \u00fcber alle Stationen die meisten Punkte erritten<br \/>hat. Es werden immer die besten 2 Reiter eines jeden PSKs in einer Wertungspr\u00fcfung gewertet<\/p>\n<p style=\"text-align: left;\">Die Wertungspr\u00fcfungen sind im Einzelnen grunds\u00e4tzlich folgende:<\/p>\n<p style=\"text-align: left;\">1) Reiter-WB Schritt-Trab-Galopp (WB 234)<br \/>2) Springreiter-WB (WB 261)<br \/>3) Dressur-WB E (WB 246)<br \/>4) Dressur Kl. A oder Dressurreiter Kl. A<br \/>5) Spring WB Kl. E Stil mit Stechen (WB 265)<br \/>6) Springen Kl. A Stil mit Stechen (LPO)<\/p>\n<p style=\"text-align: left;\">Noch nicht im ersten Jahr 2018<\/p>\n<p style=\"text-align: left;\">7) Dressur Kl. L-Trense oder Dressurreiter Kl. L<br \/>8) Springen Kl. L Stil mit Stechen (LPO)<\/p>\n<p style=\"text-align: left;\">Die gem. WBO bzw. LPO zul\u00e4ssigen Modi je Wertungspr\u00fcfung k\u00f6nnen an den jeweiligen Stationen<br \/>variieren &#8211; z. B. Punktespringen statt Stilwertung. Weiter k\u00f6nnen Sonderwertungen, wie z. B.<br \/>kombinierte Pr\u00fcfungen, Kost\u00fcmwertungen, etc. ausgeschrieben werden.<br \/>Weitere, jedoch \u201eNicht-Wertungs-Pr\u00fcfungen\u201c sind jederzeit m\u00f6glich, z. B:<\/p>\n<p style=\"text-align: left;\">9) F\u00fchrz\u00fcgel-WB (WB 221)<br \/>10) Springen mit Gel\u00e4ndehindernissen (LPO 536)<br \/>11) VS-Wertung aus Dressur und Springen mit Gel\u00e4ndehindernissen (LPO 802)<br \/>12) Vierkampf-Pr\u00fcfung in Kooperation mit ortsans\u00e4ssigen Schulen (WB 607)<br \/>13) Caprilli-Test-WB (WB 238)<br \/>14) Mannschaftsspringen (WB 268)<br \/>15) \u2026<\/p>\n<p style=\"text-align: left;\">Besondere Bestimmungen f\u00fcr die Teilnehmer der DNF-Junioren-Trophy:<\/p>\n<p style=\"text-align: left;\">1) Teilnahmeberechtigung: Junioren Jahrgang 2000 und j\u00fcnger, LK 0-2; nur Reiter-\/innen der PSKs Alb-Donau, Staufen Fils, Stuttgart-Esslingen<br \/>2) Wertung pro Reiter ist nur in einer Klasse m\u00f6glich<br \/>3) Bei Punktegleichheit entscheidet: das bessere Durchschnittsergebnis und bei weiterer Gleichheit das bessere Ergebnis im Finale<br \/>4) Wertnoten unter 5,0 sind in der Trophy nicht platzierungsf\u00e4hig und werden mit 0 Punkten bewertet<br \/>5) Bei der Ehrung am Finale gilt Anwesenheitspflicht mit korrekter Reitkleidung<br \/>6) Weitere Bestimmungen entnehmen Sie bitte dem Aushang an der Meldestelle<\/p>\n<p>[\/et_pb_text][et_pb_text _builder_version=&#8220;4.27.4&#8243; _module_preset=&#8220;default&#8220; hover_enabled=&#8220;0&#8243; global_colors_info=&#8220;{}&#8220; sticky_enabled=&#8220;0&#8243;]<\/p>\n<p><span style=\"color: #e4e4e4;\">test<\/span><\/p>\n<p><span style=\"color: #e4e4e4;\">        <div class=\"news-ticker-container\" \n             data-limit=\"10\"\n             data-speed=\"3000\"\n             data-show-date=\"1\"\n             data-show-source=\"1\"\n             data-show-controls=\"\">\n            \n            <div class=\"news-ticker-header\">\n                <span class=\"news-ticker-title\">\ud83d\udcf0 Aktuelle News<\/span>\n                <span class=\"news-ticker-update\" id=\"news-ticker-update\">Lade...<\/span>\n            <\/div>\n            \n            <div class=\"news-ticker-content\" id=\"news-ticker-content\">\n                <div class=\"news-ticker-loading\">Lade News...<\/div>\n            <\/div>\n            \n                    <\/div>\n        <\/span><\/p>\n<h3 style=\"animation: 0.25s ease 0s 1 normal none running fade-in; font-weight: 600 !important; font-size: 1.15em; line-height: 1.25; margin-bottom: 8px; margin-top: 18px; color: rgba(228, 228, 228, 0.92); font-family: 'Segoe WPC', 'Segoe UI', sans-serif; font-style: normal; font-variant-ligatures: normal; font-variant-caps: normal; letter-spacing: normal; orphans: 2; text-align: start; text-indent: 0px; text-transform: none; widows: 2; word-spacing: 0px; -webkit-text-stroke-width: 0px; white-space: normal; background-color: #141414; text-decoration-thickness: initial; text-decoration-style: initial; text-decoration-color: initial;\"><span class=\"markdown-bold-text\" style=\"animation: 0.25s ease 0s 1 normal none running fade-in; font-weight: 600;\"><span class=\"markdown-inline-code leading-[1.4]\" style=\"animation: 0.25s ease 0s 1 normal none running fade-in; line-height: 1.4; background-color: color-mix(in srgb,var(--vscode-textcodeblock-background) 80%,var(--vscode-input-placeholderforeground)); border-radius: 4px; color: inherit; font-family: Consolas, 'Courier New', monospace, Menlo, Monaco, 'Courier New', monospace; font-size: 0.9em; padding: 1.5px 3px; transition: 0.1s; word-break: break-all; cursor: default;\">        <div class=\"news-list-container\" \n             data-limit=\"10\"\n             data-website=\"\"\n             data-show-date=\"1\"\n             data-show-source=\"1\"\n             data-show-image=\"1\">\n            \n            <div class=\"news-list-header\">\n                <span class=\"news-list-title\">\ud83d\udcf0 Aktuelle News<\/span>\n            <\/div>\n            \n            <div class=\"news-list-content\" id=\"news-list-content\">\n                <div class=\"news-list-loading\">Lade News...<\/div>\n            <\/div>\n        <\/div>\n        <\/span><\/span><\/h3>\n<p>[\/et_pb_text][\/et_pb_column][\/et_pb_row][\/et_pb_section]<\/p>\n","protected":false},"excerpt":{"rendered":"<p>DNF Junioren Trophy &#8211; ins Archiv Die DNF-Junioren-Trophy ist eine \u00fcberregionale Tour f\u00fcr Reiterinnen und Reiter bis 18 Jahre (Jahrgang 2000 und j\u00fcnger) der PSKs Alb-Donau, Stuttgart-Esslingen und Staufen\/Fils. Neben der M\u00f6glichkeit auf 3 sehr guten Turnierpl\u00e4tzen und damit unter sehr guten Bedingungen reitenzu k\u00f6nnen warten an den Stationen und insbesondere am Finale tolle Preise [&hellip;]<\/p>\n","protected":false},"author":1,"featured_media":0,"parent":0,"menu_order":0,"comment_status":"closed","ping_status":"closed","template":"","meta":{"_et_pb_use_builder":"on","_et_pb_old_content":"","_et_gb_content_width":"","_mc_calendar":[],"footnotes":""},"class_list":["post-1025","page","type-page","status-publish","hentry"],"_links":{"self":[{"href":"https:\/\/psk-stuttgart-esslingen.de\/psk_wp\/wp-json\/wp\/v2\/pages\/1025","targetHints":{"allow":["GET"]}}],"collection":[{"href":"https:\/\/psk-stuttgart-esslingen.de\/psk_wp\/wp-json\/wp\/v2\/pages"}],"about":[{"href":"https:\/\/psk-stuttgart-esslingen.de\/psk_wp\/wp-json\/wp\/v2\/types\/page"}],"author":[{"embeddable":true,"href":"https:\/\/psk-stuttgart-esslingen.de\/psk_wp\/wp-json\/wp\/v2\/users\/1"}],"replies":[{"embeddable":true,"href":"https:\/\/psk-stuttgart-esslingen.de\/psk_wp\/wp-json\/wp\/v2\/comments?post=1025"}],"version-history":[{"count":7,"href":"https:\/\/psk-stuttgart-esslingen.de\/psk_wp\/wp-json\/wp\/v2\/pages\/1025\/revisions"}],"predecessor-version":[{"id":3541,"href":"https:\/\/psk-stuttgart-esslingen.de\/psk_wp\/wp-json\/wp\/v2\/pages\/1025\/revisions\/3541"}],"wp:attachment":[{"href":"https:\/\/psk-stuttgart-esslingen.de\/psk_wp\/wp-json\/wp\/v2\/media?parent=1025"}],"curies":[{"name":"wp","href":"https:\/\/api.w.org\/{rel}","templated":true}]}}