{"id":1262,"date":"2025-05-12T15:06:20","date_gmt":"2025-05-12T13:06:20","guid":{"rendered":"https:\/\/psk-stuttgart-esslingen.de\/psk_wp\/?page_id=1262"},"modified":"2025-12-07T15:07:44","modified_gmt":"2025-12-07T14:07:44","slug":"service","status":"publish","type":"page","link":"https:\/\/psk-stuttgart-esslingen.de\/psk_wp\/service\/","title":{"rendered":"Service"},"content":{"rendered":"<p>[et_pb_section fb_built=&#8220;1&#8243; _builder_version=&#8220;4.27.4&#8243; _module_preset=&#8220;default&#8220; global_colors_info=&#8220;{}&#8220;][et_pb_row column_structure=&#8220;1_4,3_4&#8243; _builder_version=&#8220;4.27.4&#8243; _module_preset=&#8220;default&#8220; global_colors_info=&#8220;{}&#8220;][et_pb_column type=&#8220;1_4&#8243; _builder_version=&#8220;4.27.4&#8243; _module_preset=&#8220;default&#8220; global_colors_info=&#8220;{}&#8220;][et_pb_sidebar disabled_on=&#8220;on|on|off&#8220; _builder_version=&#8220;4.27.4&#8243; _module_preset=&#8220;default&#8220; global_colors_info=&#8220;{}&#8220;][\/et_pb_sidebar][\/et_pb_column][et_pb_column type=&#8220;3_4&#8243; _builder_version=&#8220;4.27.4&#8243; _module_preset=&#8220;default&#8220; global_colors_info=&#8220;{}&#8220;][et_pb_text _builder_version=&#8220;4.27.4&#8243; _module_preset=&#8220;default&#8220; global_colors_info=&#8220;{}&#8220;]<\/p>\n<h2 style=\"text-align: left;\">Herzlich Willkommen im Servicebereich des PSK Stuttgart-Esslingen<\/h2>\n<p style=\"text-align: left;\">Hier finden Sie eine \u00dcbersicht der wichtigsten direkten und indirekten Leistungen des PSK-Stuttgart-Esslingen, des WPSV, des LV und der FN &#8211; und damit auch des WLSB.<\/p>\n<p style=\"text-align: left;\">Der PSK bieten seinen Mitgliedern, Unterst\u00fctzung in allen relevanten Fragen als Bindeglied zw. dem Regionalverband und dem Verein.<\/p>\n<p style=\"text-align: left;\">Der WPSV untermauert das mit der f\u00fcr Vereine kostenfreien Vereinsberatung \u00fcber die Hotline Vereinsberatung: 0172- 7361143, oder per E-Mail: rolf-berndt@t-online.de.<\/p>\n<ul><\/ul>\n<p style=\"text-align: left;\">Dadurch und dar\u00fcber hinaus k\u00f6nnen Mitgliedsvereine im PSK Stuttgart-Esslingen auf weitere Programme zugreifen<\/p>\n<ul>\n<li style=\"text-align: left;\"><a href=\"https:\/\/psk-stuttgart-esslingen.de\/psk_wp\/lehrgangsportal\/\" target=\"_blank\" rel=\"noopener\" title=\"Lehrgansportal mit guten Fortbildungsangeboten zu angemessenen Kosten\">Lehrgansportal mit guten Fortbildungsangeboten zu angemessenen Kosten<\/a><\/li>\n<li style=\"text-align: left;\"><a href=\"https:\/\/psk-stuttgart-esslingen.de\/psk_wp\/psk-turnier-equipment\/\" target=\"_blank\" rel=\"noopener\" title=\"PSK -Equipmentbuchung\">PSK -Equipmentbuchung<\/a><br \/>&#8211; PSK-Hindernisse Springen und Vielseitigkeit<br \/>&#8211; PSK-Schleppplane und Sichtschutz<\/li>\n<li style=\"text-align: left;\"><a href=\"https:\/\/psk-stuttgart-esslingen.de\/psk_wp\/zuschuesse-und-versicherungsleistungen\/\" title=\"Ein weitere wichtiger Baustein der direkte F\u00f6rderung des PSK zusammen mit dem WPSV sind die Vericherungs- und Zuschussleistungen.\">Ein weitere wichtiger Baustein der direkte F\u00f6rderung des PSK zusammen mit dem WPSV sind die Vericherungs- und Zuschussleistungen.<\/a><\/li>\n<li style=\"text-align: left;\"><a href=\"https:\/\/psk-stuttgart-esslingen.de\/psk_wp\/psk-fest\/\" target=\"_blank\" rel=\"noopener\" title=\"PSK-Fest-Buchungen\">PSK-Fest-Buchungen<\/a><\/li>\n<\/ul>\n<p style=\"text-align: left;\">Grunds\u00e4tzlich k\u00f6nnen Sie sich \u00fcber die folgenden Seiten detailliert informieren noch weiter mit den F\u00f6rder- und Unterst\u00fctzungsm\u00f6glichkeiten auseinander setzten und weitere Informationen ziehen<\/p>\n<p style=\"text-align: left;\">WLSB<\/p>\n<ul>\n<li style=\"text-align: left;\"><a href=\"https:\/\/www.wlsb.de\/vereinsservicebuero-vsb-beratung-ehrungen\/meinwlsb\">Das Internetportal \u201emeinWLSB\u201c<\/a><\/li>\n<li style=\"text-align: left;\"><a href=\"https:\/\/www.wlsb.de\/zuschuesse-foerderung-landesjugendplan\/kooperation-schule-verein\">Kooperation Schule &amp; Verein<\/a><\/li>\n<li style=\"text-align: left;\"><a href=\"https:\/\/www.wpsv.de\/de\/wissenswertes\/service-recht.html\">Service &amp; Recht &#8211; WPSV &#8211; W\u00fcrttembergischer Pferdesportverband e.V.<\/a><\/li>\n<\/ul>\n<p style=\"text-align: left;\">LV<\/p>\n<ul>\n<li style=\"text-align: left;\"><a href=\"https:\/\/www.pferdesport-bw.de\/ausbildungsportal.html\">Pferdesportverband Baden-W\u00fcrttemberg e. V. &#8211; Ausbildungsportal<\/a><\/li>\n<li style=\"text-align: left;\"><a href=\"https:\/\/www.pferdesport-bw.de\/jugend.html\">Pferdesportverband Baden-W\u00fcrttemberg e. V. &#8211; Jugend<\/a><\/li>\n<li style=\"text-align: left;\"><a href=\"https:\/\/www.pferdesport-bw.de\/uebungsleiter.html\">Pferdesportverband Baden-W\u00fcrttemberg e. V. &#8211; \u00dcbungsleiter<\/a><\/li>\n<li style=\"text-align: left;\">Notfallh\u00e4nger-Leihservice<\/li>\n<\/ul>\n<p style=\"text-align: left;\">FN<\/p>\n<ul>\n<li style=\"text-align: left;\"><a href=\"https:\/\/www.pferd-aktuell.de\/breitensport\/vereine-und-betriebe\/vereine-und-betriebe\">Reitvereine und Pferdebetriebe | FN<\/a><\/li>\n<li style=\"text-align: left;\"><a href=\"https:\/\/www.pferd-aktuell.de\/100schulpferdeplus\/100-schulpferde-plus\">100 Schulpferde plus: FN-Initiative f\u00f6rdert Reitschulen<\/a><\/li>\n<li style=\"text-align: left;\"><a href=\"https:\/\/www.pferd-aktuell.de\/ausbildung\">Ausbildung von Pferd, Reiter, Trainer, Ausbilder | FN<\/a><\/li>\n<li style=\"text-align: left;\"><a href=\"https:\/\/www.pferd-aktuell.de\/turniersport\">Turniersport mit dem Pferd &#8211; Turnierstart und Turniersystem | FN<\/a><\/li>\n<li style=\"text-align: left;\"><a href=\"https:\/\/www.pferd-aktuell.de\/breitensport\/ausreiten-und-ausfahren\/ausreiten-und-ausfahren-mit-dem-pferd\">Ausreiten mit dem Pferd: Tipps und Infos f\u00fcr den Ausritt | FN<\/a><\/li>\n<\/ul>\n<p style=\"text-align: left;\">\n<p>[\/et_pb_text][\/et_pb_column][\/et_pb_row][\/et_pb_section]<\/p>\n","protected":false},"excerpt":{"rendered":"<p>Herzlich Willkommen im Servicebereich des PSK Stuttgart-Esslingen Hier finden Sie eine \u00dcbersicht der wichtigsten direkten und indirekten Leistungen des PSK-Stuttgart-Esslingen, des WPSV, des LV und der FN &#8211; und damit auch des WLSB. Der PSK bieten seinen Mitgliedern, Unterst\u00fctzung in allen relevanten Fragen als Bindeglied zw. dem Regionalverband und dem Verein. Der WPSV untermauert das [&hellip;]<\/p>\n","protected":false},"author":1,"featured_media":0,"parent":0,"menu_order":0,"comment_status":"closed","ping_status":"closed","template":"","meta":{"_et_pb_use_builder":"on","_et_pb_old_content":"","_et_gb_content_width":"","_mc_calendar":[],"footnotes":""},"class_list":["post-1262","page","type-page","status-publish","hentry"],"_links":{"self":[{"href":"https:\/\/psk-stuttgart-esslingen.de\/psk_wp\/wp-json\/wp\/v2\/pages\/1262","targetHints":{"allow":["GET"]}}],"collection":[{"href":"https:\/\/psk-stuttgart-esslingen.de\/psk_wp\/wp-json\/wp\/v2\/pages"}],"about":[{"href":"https:\/\/psk-stuttgart-esslingen.de\/psk_wp\/wp-json\/wp\/v2\/types\/page"}],"author":[{"embeddable":true,"href":"https:\/\/psk-stuttgart-esslingen.de\/psk_wp\/wp-json\/wp\/v2\/users\/1"}],"replies":[{"embeddable":true,"href":"https:\/\/psk-stuttgart-esslingen.de\/psk_wp\/wp-json\/wp\/v2\/comments?post=1262"}],"version-history":[{"count":14,"href":"https:\/\/psk-stuttgart-esslingen.de\/psk_wp\/wp-json\/wp\/v2\/pages\/1262\/revisions"}],"predecessor-version":[{"id":3903,"href":"https:\/\/psk-stuttgart-esslingen.de\/psk_wp\/wp-json\/wp\/v2\/pages\/1262\/revisions\/3903"}],"wp:attachment":[{"href":"https:\/\/psk-stuttgart-esslingen.de\/psk_wp\/wp-json\/wp\/v2\/media?parent=1262"}],"curies":[{"name":"wp","href":"https:\/\/api.w.org\/{rel}","templated":true}]}}