{"id":1397,"date":"2025-06-05T12:54:49","date_gmt":"2025-06-05T10:54:49","guid":{"rendered":"https:\/\/psk-stuttgart-esslingen.de\/psk_wp\/?page_id=1397"},"modified":"2025-10-17T05:50:12","modified_gmt":"2025-10-17T03:50:12","slug":"psk-fest","status":"publish","type":"page","link":"https:\/\/psk-stuttgart-esslingen.de\/psk_wp\/psk-fest\/","title":{"rendered":"PSK Fest"},"content":{"rendered":"<p>[et_pb_section fb_built=&#8220;1&#8243; _builder_version=&#8220;4.27.4&#8243; _module_preset=&#8220;default&#8220; custom_margin=&#8220;||0px||false|false&#8220; custom_padding=&#8220;||0px||false|false&#8220; global_colors_info=&#8220;{}&#8220;][et_pb_row column_structure=&#8220;1_4,3_4&#8243; _builder_version=&#8220;4.27.4&#8243; _module_preset=&#8220;default&#8220; global_colors_info=&#8220;{}&#8220;][et_pb_column type=&#8220;1_4&#8243; _builder_version=&#8220;4.27.4&#8243; _module_preset=&#8220;default&#8220; global_colors_info=&#8220;{}&#8220;][et_pb_sidebar disabled_on=&#8220;on|on|off&#8220; _builder_version=&#8220;4.27.4&#8243; _module_preset=&#8220;default&#8220; global_colors_info=&#8220;{}&#8220;][\/et_pb_sidebar][\/et_pb_column][et_pb_column type=&#8220;3_4&#8243; _builder_version=&#8220;4.27.4&#8243; _module_preset=&#8220;default&#8220; global_colors_info=&#8220;{}&#8220;][et_pb_text _builder_version=&#8220;4.27.4&#8243; _module_preset=&#8220;default&#8220; global_colors_info=&#8220;{}&#8220;]<\/p>\n<h2 style=\"text-align: left;\">PSK Fest 2026 &#8211; Kartenbestellung<\/h2>\n<p>[\/et_pb_text][et_pb_code _builder_version=&#8220;4.27.4&#8243; _module_preset=&#8220;default&#8220; global_colors_info=&#8220;{}&#8220;]<\/p>\n<div class=\"psk-ticket-instructions\"><!-- [et_pb_line_break_holder] -->    <\/p>\n<h2>So sichern Sie sich Ihre Tickets f\u00fcr das PSK Fest 2026 &#8211; erst wieder nach Freischaltung f\u00fcr das Fest 2026 m\u00f6glich<\/h2>\n<p><!-- [et_pb_line_break_holder] --><!-- [et_pb_line_break_holder] -->    <pee>Der Ticketkauf ist einfach und bequem. Folgen Sie diesen Schritten, um Ihre Teilnahme am PSK Fest 2025 zu sichern:<\/pee><!-- [et_pb_line_break_holder] --> <\/p>\n<h3>Ticket(s) erwerben<\/h3>\n<p><!-- [et_pb_line_break_holder] -->    <\/p>\n<ol><!-- [et_pb_line_break_holder] -->        <\/p>\n<li><strong>Ticket ausw\u00e4hlen:<\/strong> Klicken Sie auf das gew\u00fcnschte Ticket und legen Sie die passende Anzahl in Ihren Warenkorb.<\/li>\n<p><!-- [et_pb_line_break_holder] -->        <\/p>\n<li><strong>Teilnehmernamen angeben:<\/strong> Im Bestellprozess k\u00f6nnen Sie die Namen aller Teilnehmer eintragen.<\/li>\n<p><!-- [et_pb_line_break_holder] -->        <\/p>\n<li><strong>Essensoptionen w\u00e4hlen:<\/strong> F\u00fcgen Sie gezielt Essen zu jedem Ticket hinzu oder w\u00e4hlen Sie bewusst kein Essen aus.<\/li>\n<p><!-- [et_pb_line_break_holder] -->      <\/p>\n<li><strong>Bezahlung abschlie\u00dfen:<\/strong> Schlie\u00dfen Sie den Bezahlvorgang <strong>(PayPal und SEPA Lastschrift m\u00f6glich) <\/strong> einfach und sicher ab.<\/li>\n<p><!-- [et_pb_line_break_holder] -->        <\/p>\n<li><strong>Tickets erhalten:<\/strong> Nach erfolgreicher Zahlung erhalten Sie Ihre Tickets bequem als PDF per E-Mail. Bitte pr\u00fcfen Sie auch Ihren SPAM-Ordner, falls Sie die E-Mail nicht sofort erhalten.<\/li>\n<p><!-- [et_pb_line_break_holder] -->        <\/p>\n<li><strong>Bewahren Sie das Ticket mit der Ticketnummer gut auf:<\/strong> Dieses ben\u00f6tigen Sie f\u00fcr den Einlass, die Tombola und f\u00fcr eventuelle Nachbestellungen.<\/li>\n<p><!-- [et_pb_line_break_holder] -->    <\/ol>\n<p><!-- [et_pb_line_break_holder] --><!-- [et_pb_line_break_holder] -->    <\/p>\n<h3>Ehrenticket erwerben<\/h3>\n<p><!-- [et_pb_line_break_holder] -->    <pee>F\u00fcr das Einl\u00f6sen eines <strong>Ehrentickets<\/strong> ben\u00f6tigen Sie einen <strong>g\u00fcltigen Gutscheincode<\/strong>. Bitte tragen Sie den Gutscheincode im vorgesehenen Feld auf der Produktseite ein.<\/pee><!-- [et_pb_line_break_holder] --><!-- [et_pb_line_break_holder] -->    <\/p>\n<h3>Kinderticket<\/h3>\n<p><!-- [et_pb_line_break_holder] -->    <pee>Kinder unter 13 Jahren k\u00f6nnen kostenlos ein Ticket erwerben. Bitte beachten Sie die Einlasskontrolle.<\/pee><!-- [et_pb_line_break_holder] --><!-- [et_pb_line_break_holder] -->    <pee>Wir freuen uns auf Ihre Teilnahme und darauf, gemeinsam ein unvergessliches PSK Fest 2026 zu feiern!<\/pee><!-- [et_pb_line_break_holder] --><\/div>\n<p><!-- [et_pb_line_break_holder] --><!-- [et_pb_line_break_holder] --><\/p>\n<style><!-- [et_pb_line_break_holder] -->.psk-ticket-instructions {<!-- [et_pb_line_break_holder] -->    background-color: #f9f9f9;<!-- [et_pb_line_break_holder] -->    padding: 20px;<!-- [et_pb_line_break_holder] -->    border-radius: 12px;<!-- [et_pb_line_break_holder] -->    border: 1px solid #e0e0e0;<!-- [et_pb_line_break_holder] -->    font-family: Arial, sans-serif;<!-- [et_pb_line_break_holder] -->    line-height: 1.6;<!-- [et_pb_line_break_holder] -->}<!-- [et_pb_line_break_holder] --><!-- [et_pb_line_break_holder] -->.psk-ticket-instructions h2 {<!-- [et_pb_line_break_holder] -->    color: #d32f2f;<!-- [et_pb_line_break_holder] -->    margin-bottom: 15px;<!-- [et_pb_line_break_holder] -->}<!-- [et_pb_line_break_holder] --><!-- [et_pb_line_break_holder] -->.psk-ticket-instructions h3 {<!-- [et_pb_line_break_holder] -->    color: #1976d2;<!-- [et_pb_line_break_holder] -->    margin-top: 25px;<!-- [et_pb_line_break_holder] -->}<!-- [et_pb_line_break_holder] --><!-- [et_pb_line_break_holder] -->.psk-ticket-instructions ol {<!-- [et_pb_line_break_holder] -->    padding-left: 20px;<!-- [et_pb_line_break_holder] -->}<!-- [et_pb_line_break_holder] --><!-- [et_pb_line_break_holder] -->.psk-ticket-instructions li {<!-- [et_pb_line_break_holder] -->    margin-bottom: 10px;<!-- [et_pb_line_break_holder] -->}<!-- [et_pb_line_break_holder] --><!-- [et_pb_line_break_holder] -->.psk-ticket-instructions strong {<!-- [et_pb_line_break_holder] -->    color: #000;<!-- [et_pb_line_break_holder] -->}<!-- [et_pb_line_break_holder] --><\/style>\n<p><!-- [et_pb_line_break_holder] -->[\/et_pb_code][et_pb_shop type=&#8220;product_category&#8220; posts_number=&#8220;3&#8243; include_categories=&#8220;104&#8243; columns_number=&#8220;2&#8243; hover_icon=&#8220;&#xf217;||fa||900&#8243; show_rating=&#8220;off&#8220; _builder_version=&#8220;4.27.4&#8243; _module_preset=&#8220;default&#8220; title_font=&#8220;|700|||||||&#8220; title_text_align=&#8220;left&#8220; title_font_size=&#8220;20px&#8220; price_font=&#8220;|600|||||||&#8220; price_text_align=&#8220;left&#8220; price_text_color=&#8220;#0C71C3&#8243; price_font_size=&#8220;22px&#8220; background_color=&#8220;RGBA(255,255,255,0)&#8220; text_orientation=&#8220;left&#8220; module_alignment=&#8220;left&#8220; child_filter_opacity=&#8220;74%&#8220; animation_style=&#8220;slide&#8220; animation_direction=&#8220;right&#8220; border_radii_image=&#8220;on|20px|20px|20px|20px&#8220; border_width_all_image=&#8220;3px&#8220; global_colors_info=&#8220;{}&#8220;][\/et_pb_shop][et_pb_code _builder_version=&#8220;4.27.4&#8243; _module_preset=&#8220;default&#8220; global_colors_info=&#8220;{}&#8220;]<\/p>\n<div class=\"psk-ticket-instructions\"><!-- [et_pb_line_break_holder] -->    <\/p>\n<h2>Stornierungen<\/h2>\n<p><!-- [et_pb_line_break_holder] --><!-- [et_pb_line_break_holder] -->    <pee>Stornierungen k\u00f6nnen nur per E-Mail an <a href=\"mailto:info@psk-stuttgart-esslingen.de\">info@psk-stuttgart-esslingen.de<\/a> bis zum 16.10.2026 vorgenommen werden.<\/pee><!-- [et_pb_line_break_holder] --><\/div>\n<p><!-- [et_pb_line_break_holder] --><!-- [et_pb_line_break_holder] --><\/p>\n<style><!-- [et_pb_line_break_holder] -->.psk-ticket-instructions {<!-- [et_pb_line_break_holder] -->    background-color: #f9f9f9;<!-- [et_pb_line_break_holder] -->    padding: 20px;<!-- [et_pb_line_break_holder] -->    border-radius: 12px;<!-- [et_pb_line_break_holder] -->    border: 1px solid #e0e0e0;<!-- [et_pb_line_break_holder] -->    font-family: Arial, sans-serif;<!-- [et_pb_line_break_holder] -->    line-height: 1.6;<!-- [et_pb_line_break_holder] -->}<!-- [et_pb_line_break_holder] --><!-- [et_pb_line_break_holder] -->.psk-ticket-instructions h2 {<!-- [et_pb_line_break_holder] -->    color: #d32f2f;<!-- [et_pb_line_break_holder] -->    margin-bottom: 15px;<!-- [et_pb_line_break_holder] -->}<!-- [et_pb_line_break_holder] --><!-- [et_pb_line_break_holder] -->.psk-ticket-instructions p {<!-- [et_pb_line_break_holder] -->    margin-bottom: 10px;<!-- [et_pb_line_break_holder] -->}<!-- [et_pb_line_break_holder] --><!-- [et_pb_line_break_holder] -->.psk-ticket-instructions a {<!-- [et_pb_line_break_holder] -->    color: #d32f2f;<!-- [et_pb_line_break_holder] -->    text-decoration: underline;<!-- [et_pb_line_break_holder] -->}<!-- [et_pb_line_break_holder] --><\/style>\n<p><!-- [et_pb_line_break_holder] -->[\/et_pb_code][et_pb_code _builder_version=&#8220;4.27.4&#8243; _module_preset=&#8220;default&#8220; global_colors_info=&#8220;{}&#8220;][\/et_pb_code][\/et_pb_column][\/et_pb_row][\/et_pb_section][et_pb_section fb_built=&#8220;1&#8243; module_id=&#8220;essen_nachbestellen&#8220; _builder_version=&#8220;4.27.4&#8243; _module_preset=&#8220;default&#8220; custom_margin=&#8220;0px||0px||false|false&#8220; custom_padding=&#8220;0px||0px||false|false&#8220; global_colors_info=&#8220;{}&#8220;][et_pb_row column_structure=&#8220;1_4,3_4&#8243; _builder_version=&#8220;4.27.4&#8243; _module_preset=&#8220;default&#8220; global_colors_info=&#8220;{}&#8220;][et_pb_column type=&#8220;1_4&#8243; _builder_version=&#8220;4.27.4&#8243; _module_preset=&#8220;default&#8220; global_colors_info=&#8220;{}&#8220;][\/et_pb_column][et_pb_column type=&#8220;3_4&#8243; _builder_version=&#8220;4.27.4&#8243; _module_preset=&#8220;default&#8220; global_colors_info=&#8220;{}&#8220;][et_pb_text _builder_version=&#8220;4.27.4&#8243; _module_preset=&#8220;default&#8220; global_colors_info=&#8220;{}&#8220;]<\/p>\n<h2 style=\"text-align: left;\">Essen nachbestellen<\/h2>\n<p>[\/et_pb_text][et_pb_code _builder_version=&#8220;4.27.4&#8243; _module_preset=&#8220;default&#8220; global_colors_info=&#8220;{}&#8220;]<\/p>\n<div class=\"psk-ticket-instructions\"><!-- [et_pb_line_break_holder] -->    <\/p>\n<h2>Essen nachbestellen \u2013 so funktioniert\u2019s &#8211; erst wieder nach Freischaltung f\u00fcr das Fest 2026 m\u00f6glich<\/h2>\n<p><!-- [et_pb_line_break_holder] --><!-- [et_pb_line_break_holder] -->    <pee>Sie m\u00f6chten zus\u00e4tzliches Essen zu Ihrer Buchung bestellen? Kein Problem! Folgen Sie einfach diesen Schritten:<\/pee><!-- [et_pb_line_break_holder] --><!-- [et_pb_line_break_holder] -->    <\/p>\n<ol><!-- [et_pb_line_break_holder] -->        <\/p>\n<li><strong>Ticketnummer bereithalten:<\/strong> F\u00fcr die Nachbestellung ben\u00f6tigen Sie die g\u00fcltige Ticketnummer Ihrer urspr\u00fcnglichen Buchung.<\/li>\n<p><!-- [et_pb_line_break_holder] -->        <\/p>\n<li><strong>Gew\u00fcnschtes Essen ausw\u00e4hlen:<\/strong> Treffen Sie Ihre Wahl aus dem angezeigten Angebot.<\/li>\n<p><!-- [et_pb_line_break_holder] -->        <\/p>\n<li><strong>Ticketnummer und Nachname eingeben:<\/strong> Auf der Produktseite erscheint ein Feld zur Eingabe Ihrer Ticketnummer und des registrierten Nachnamens. Geben Sie beide ein und legen Sie das Essen anschlie\u00dfend in den Warenkorb.<\/li>\n<p><!-- [et_pb_line_break_holder] -->        <\/p>\n<li><strong>Wichtig:<\/strong> Ohne g\u00fcltige Ticketnummer ist eine Nachbestellung leider nicht m\u00f6glich.<\/li>\n<p><!-- [et_pb_line_break_holder] -->    <\/ol>\n<p><!-- [et_pb_line_break_holder] --><!-- [et_pb_line_break_holder] -->    <pee>So stellen wir sicher, dass jedes Essen korrekt Ihrer Buchung zugeordnet wird. Guten Appetit!<\/pee><!-- [et_pb_line_break_holder] --><\/div>\n<p><!-- [et_pb_line_break_holder] --><!-- [et_pb_line_break_holder] --><\/p>\n<style><!-- [et_pb_line_break_holder] -->.psk-ticket-instructions {<!-- [et_pb_line_break_holder] -->    background-color: #f9f9f9;<!-- [et_pb_line_break_holder] -->    padding: 20px;<!-- [et_pb_line_break_holder] -->    border-radius: 12px;<!-- [et_pb_line_break_holder] -->    border: 1px solid #e0e0e0;<!-- [et_pb_line_break_holder] -->    font-family: Arial, sans-serif;<!-- [et_pb_line_break_holder] -->    line-height: 1.6;<!-- [et_pb_line_break_holder] -->}<!-- [et_pb_line_break_holder] --><!-- [et_pb_line_break_holder] -->.psk-ticket-instructions h2 {<!-- [et_pb_line_break_holder] -->    color: #d32f2f;<!-- [et_pb_line_break_holder] -->    margin-bottom: 15px;<!-- [et_pb_line_break_holder] -->}<!-- [et_pb_line_break_holder] --><!-- [et_pb_line_break_holder] -->.psk-ticket-instructions ol {<!-- [et_pb_line_break_holder] -->    padding-left: 20px;<!-- [et_pb_line_break_holder] -->}<!-- [et_pb_line_break_holder] --><!-- [et_pb_line_break_holder] -->.psk-ticket-instructions li {<!-- [et_pb_line_break_holder] -->    margin-bottom: 10px;<!-- [et_pb_line_break_holder] -->}<!-- [et_pb_line_break_holder] --><!-- [et_pb_line_break_holder] -->.psk-ticket-instructions strong {<!-- [et_pb_line_break_holder] -->    color: #000;<!-- [et_pb_line_break_holder] -->}<!-- [et_pb_line_break_holder] --><\/style>\n<p><!-- [et_pb_line_break_holder] -->[\/et_pb_code][et_pb_code _builder_version=&#8220;4.27.4&#8243; _module_preset=&#8220;default&#8220; global_colors_info=&#8220;{}&#8220;][\/et_pb_code][et_pb_shop type=&#8220;product_category&#8220; include_categories=&#8220;105&#8243; hover_icon=&#8220;&#xf217;||fa||900&#8243; _builder_version=&#8220;4.27.4&#8243; _module_preset=&#8220;default&#8220; title_font=&#8220;||||||||&#8220; title_text_color=&#8220;#000000&#8243; title_font_size=&#8220;16px&#8220; price_font=&#8220;|600|||||||&#8220; price_text_color=&#8220;#0C71C3&#8243; price_font_size=&#8220;22px&#8220; global_colors_info=&#8220;{}&#8220;][\/et_pb_shop][\/et_pb_column][\/et_pb_row][\/et_pb_section]<\/p>\n","protected":false},"excerpt":{"rendered":"<p>PSK Fest 2026 &#8211; KartenbestellungEssen nachbestellen<\/p>\n","protected":false},"author":1,"featured_media":0,"parent":0,"menu_order":0,"comment_status":"closed","ping_status":"closed","template":"","meta":{"_et_pb_use_builder":"on","_et_pb_old_content":"","_et_gb_content_width":"","_mc_calendar":[],"footnotes":""},"class_list":["post-1397","page","type-page","status-publish","hentry"],"_links":{"self":[{"href":"https:\/\/psk-stuttgart-esslingen.de\/psk_wp\/wp-json\/wp\/v2\/pages\/1397","targetHints":{"allow":["GET"]}}],"collection":[{"href":"https:\/\/psk-stuttgart-esslingen.de\/psk_wp\/wp-json\/wp\/v2\/pages"}],"about":[{"href":"https:\/\/psk-stuttgart-esslingen.de\/psk_wp\/wp-json\/wp\/v2\/types\/page"}],"author":[{"embeddable":true,"href":"https:\/\/psk-stuttgart-esslingen.de\/psk_wp\/wp-json\/wp\/v2\/users\/1"}],"replies":[{"embeddable":true,"href":"https:\/\/psk-stuttgart-esslingen.de\/psk_wp\/wp-json\/wp\/v2\/comments?post=1397"}],"version-history":[{"count":45,"href":"https:\/\/psk-stuttgart-esslingen.de\/psk_wp\/wp-json\/wp\/v2\/pages\/1397\/revisions"}],"predecessor-version":[{"id":3480,"href":"https:\/\/psk-stuttgart-esslingen.de\/psk_wp\/wp-json\/wp\/v2\/pages\/1397\/revisions\/3480"}],"wp:attachment":[{"href":"https:\/\/psk-stuttgart-esslingen.de\/psk_wp\/wp-json\/wp\/v2\/media?parent=1397"}],"curies":[{"name":"wp","href":"https:\/\/api.w.org\/{rel}","templated":true}]}}