{"id":2306,"date":"2025-09-24T20:23:56","date_gmt":"2025-09-24T18:23:56","guid":{"rendered":"https:\/\/psk-stuttgart-esslingen.de\/psk_wp\/?page_id=2306"},"modified":"2025-12-07T09:25:03","modified_gmt":"2025-12-07T08:25:03","slug":"zucht-ausbildung","status":"publish","type":"page","link":"https:\/\/psk-stuttgart-esslingen.de\/psk_wp\/zucht-ausbildung\/","title":{"rendered":"Zucht Ausbildung"},"content":{"rendered":"<p>[et_pb_section fb_built=&#8220;1&#8243; _builder_version=&#8220;4.27.4&#8243; _module_preset=&#8220;default&#8220; custom_padding=&#8220;57px|||||&#8220; global_colors_info=&#8220;{}&#8220;][et_pb_row column_structure=&#8220;1_4,3_4&#8243; _builder_version=&#8220;4.27.4&#8243; _module_preset=&#8220;default&#8220; global_colors_info=&#8220;{}&#8220;][et_pb_column type=&#8220;1_4&#8243; _builder_version=&#8220;4.27.4&#8243; _module_preset=&#8220;default&#8220; global_colors_info=&#8220;{}&#8220;][et_pb_sidebar disabled_on=&#8220;on|on|off&#8220; _builder_version=&#8220;4.27.4&#8243; _module_preset=&#8220;default&#8220; global_colors_info=&#8220;{}&#8220;][\/et_pb_sidebar][\/et_pb_column][et_pb_column type=&#8220;3_4&#8243; _builder_version=&#8220;4.27.4&#8243; _module_preset=&#8220;default&#8220; global_colors_info=&#8220;{}&#8220;][et_pb_text _builder_version=&#8220;4.27.4&#8243; _module_preset=&#8220;default&#8220; global_colors_info=&#8220;{}&#8220;]<\/p>\n<h2 data-start=\"129\" data-end=\"415\" style=\"text-align: left;\"><strong data-start=\"129\" data-end=\"151\">Ausbildung<\/strong><\/h2>\n<p data-start=\"129\" data-end=\"415\" style=\"text-align: left;\"><br data-start=\"151\" data-end=\"154\" \/>Der Pferdesportkreis Stuttgart-Esslingen unterst\u00fctzt die qualifizierte Ausbildung von Reiterinnen, Reitern und Pferden wie auch von Ausbildern in der Region. Dabei stehen sowohl die F\u00f6rderung des Nachwuchses als auch eine fundierte theoretische Wissensvermittlung wie auch praktische Ausbildung im Mittelpunkt.<\/p>\n<ul>\n<li data-start=\"419\" data-end=\"741\" style=\"text-align: left;\"><strong data-start=\"419\" data-end=\"447\">Vereine mit Schulbetrieb<\/strong><br data-start=\"447\" data-end=\"450\" \/>Viele unserer Mitgliedsvereine haben einen Schulbetrieb, in dem jeweils Einsteiger und Fortgeschrittene systematisch gef\u00f6rdert werden. Hier k\u00f6nnen Kinder, Jugendliche und Erwachsene den verantwortungsvollen Umgang mit dem Pferd erlernen und sich Schritt f\u00fcr Schritt reiterlich weiterentwickeln.<br \/>Sie interessieren sich f\u00fcr Vereine die Schulbetrieb anbieten, dann wird Ihnen hier geholfen\n<ul>\n<li data-start=\"419\" data-end=\"741\" style=\"text-align: left;\"><a href=\"https:\/\/rv-aichwald.de\/\">RV Aichwald mit Voltigieren<\/a><\/li>\n<li data-start=\"419\" data-end=\"741\" style=\"text-align: left;\">RG Bucheckernhof &#8211; nur Voltigieren<\/li>\n<li data-start=\"419\" data-end=\"741\" style=\"text-align: left;\"><a href=\"https:\/\/www.reitverein-esslingen.de\/\">RFV Esslingen<\/a><\/li>\n<li data-start=\"419\" data-end=\"741\" style=\"text-align: left;\"><a href=\"http:\/\/www.ponyexpress-aktuell.de\">PF Filder<\/a><\/li>\n<li data-start=\"419\" data-end=\"741\" style=\"text-align: left;\"><a href=\"http:\/\/www.reitverein-kirchheim.de\">RFV Kirchheim\/Teck<\/a><\/li>\n<li data-start=\"419\" data-end=\"741\" style=\"text-align: left;\"><a href=\"http:\/\/www.reitverein-koengen.de\">LRFV K\u00f6ngen mit Voltigieren<\/a><\/li>\n<li data-start=\"419\" data-end=\"741\" style=\"text-align: left;\"><a href=\"http:\/\/www.reitverein-le.de\">RFV Leinfelden-Echterdingen mit Volitigieren<\/a><\/li>\n<li data-start=\"419\" data-end=\"741\" style=\"text-align: left;\"><a href=\"http:\/\/www.reitverein-neckartailfingen.de\">RFV Neckartailfingen mit Voltigieren<\/a><\/li>\n<li data-start=\"419\" data-end=\"741\" style=\"text-align: left;\"><a href=\"http:\/\/www.reitundfahrverein-neuffen.de\">RFV Neuffen<\/a><\/li>\n<li data-start=\"419\" data-end=\"741\" style=\"text-align: left;\"><a href=\"http:\/\/www.reitverein-nuertingen.de\">RV N\u00fcrtingen<\/a><\/li>\n<li data-start=\"419\" data-end=\"741\" style=\"text-align: left;\"><a href=\"https:\/\/voltigierverein-raidwangen.mozello.de\/\">VoltV Raidwangen &#8211; Voltigieren<\/a><\/li>\n<li data-start=\"419\" data-end=\"741\" style=\"text-align: left;\"><a href=\"http:\/\/www.rvrh.de\">RV Reichenbach\/Fils-Hochdorf<\/a><\/li>\n<li data-start=\"419\" data-end=\"741\" style=\"text-align: left;\"><a href=\"http:\/\/www.stuttgarter-reit-und-fahrverein.de\">Stuttgarter RFV mit Voltigieren<\/a><\/li>\n<li data-start=\"419\" data-end=\"741\" style=\"text-align: left;\"><a href=\"https:\/\/rfvw-2.jimdofree.com\/\">RFV Wernau &#8211; nur Voltigieren<\/a><\/li>\n<li data-start=\"419\" data-end=\"741\" style=\"text-align: left;\"><a href=\"http:\/\/www.www.reitverein-weilheim.de\">RFV Weilheim\/Teck<\/a><br \/>Hier finden Sie die \u00dcbersicht mit den jeweiligen Vereinsansprechpartnern und deren Kontaktdaten: <a href=\"https:\/\/psk-stuttgart-esslingen.de\/psk_wp\/vereine-2\/\">Vereine | PSK Stuttgart Esslingen<\/a><\/li>\n<\/ul>\n<p>In der Regel bieten diese Vereine u.a. auch Ferienreitprogramme, Anf\u00e4ngerreitstunden, Abzeichenpr\u00fcfungen, Lehrg\u00e4nge, St\u00fctzpunkttrainings und generelle Fortbildungen f\u00fcr Reiterinnen, Reiter und Pferde an. Fragen Sie nach!<\/p>\n<\/li>\n<li data-start=\"743\" data-end=\"1093\" style=\"text-align: left;\">\n<p data-start=\"745\" data-end=\"1093\"><strong data-start=\"745\" data-end=\"787\">Ausbildungsbetriebe und ihre Programme<\/strong><br data-start=\"787\" data-end=\"790\" \/>Zahlreiche anerkannte Ausbildungsbetriebe im Pferdesportkreis bieten die M\u00f6glichkeit eines Ausbildungsplatzes, sowohl in Haltung und Service, als auch im Reiten.<br \/>Zurzeit gibt es 5 Fachrichtungen die man als Pferdewirt\/Pferdewirtin<\/p>\n<ul>\n<li>Pferdehaltung und Service<\/li>\n<li>Pferdezucht<\/li>\n<li>Klassische Reitausbildung<\/li>\n<li>Pferderennen, Einsatzgebiet Rennreiten<\/li>\n<li>Pferderennen, Einsatzgebiet Trabrennfahren<\/li>\n<li>Spezialreitweisen, Einsatzgebiet Westernreiten<\/li>\n<li>Spezialreitweisen, Einsatzgebiet Gangreiten<\/li>\n<\/ul>\n<\/li>\n<\/ul>\n<p style=\"padding-left: 40px; text-align: left;\">Es werden teilweise auch individuelle Programme f\u00fcr verschiedene Ausbildungsstufen \u2013 von der Grundausbildung bis hin zur gezielten Turniervorbereitung angeboten.<\/p>\n<p style=\"padding-left: 40px; text-align: left;\">Interessenten k\u00f6nnen sich sehr gut auf den Seiten des <a href=\"Pferdewirt%20\/ Pferdewirtin - Regierungspr\u00e4sidien Baden-W\u00fcrttemberg\" target=\"_blank\" rel=\"noopener\" title=\"Regierungspr\u00e4sidium Karlsruhe\">Regierungspr\u00e4sidium Karlsruhe<\/a> informieren.<\/p>\n<p style=\"padding-left: 40px; text-align: left;\">Folgende Betriebe in unserem PSK-Gebiet sind dort Stand 01.12.2025 gelistet:<\/p>\n<ul>\n<li style=\"list-style-type: none;\">\n<ul>\n<li class=\"title\" onclick=\"expand(33669)\" style=\"text-align: left;\"><span class=\"button pi pi-plus-circle icon\" id=\"button_33669\"><\/span>A. und H. Single GbR,\u00a0 Berufe: Pferdewirt: Gangreiten, <span>Pferdehaltung und Service, Spezialreitweisen<br \/><\/span>Frickenhausen, <i class=\"fa fa-phone icon\" style=\"font-size: 16px;\"><\/i><span style=\"font-size: 16px;\">\u00a007022 41743, <\/span><i class=\"fa fa-envelope icon\" style=\"font-size: 16px;\"><\/i><a href=\"mailto:a.single@burrishof.de\" class=\"ui-link ui-widget\" style=\"font-size: 16px;\">\u00a0a.single@burrishof.de, <\/a><i class=\"fa fa-star icon\" style=\"font-size: 16px;\"><\/i><a href=\"http:\/\/www.burrishof.de\/\" class=\"ui-link ui-widget\" target=\"_blank\" rel=\"noopener\" style=\"font-size: 16px;\">\u00a0www.burrishof.de<\/a><\/li>\n<li class=\"title\" onclick=\"expand(33669)\" style=\"text-align: left;\">Reiterverein N\u00fcrtingen e.V., Berufe: Pferdewirt: Klassische Reitausbildung, <span style=\"font-size: 16px;\">Pferdehaltung und Service<br \/><\/span>N\u00fcrtingen, <i class=\"fa fa-phone icon\" style=\"font-size: 16px;\"><\/i><span style=\"font-size: 16px;\">07022 34404, <\/span><i class=\"fa fa-envelope icon\" style=\"font-size: 16px;\"><\/i><a href=\"mailto:reiterverein-nuertingen@t-online.de\" class=\"ui-link ui-widget\" style=\"font-size: 16px;\">\u00a0reiterverein-nuertingen@t-online.de, <\/a><i class=\"fa fa-star icon\" style=\"font-size: 16px;\"><\/i><a href=\"http:\/\/www.xn--reiterverein-nrtingen-mic.de\/\" class=\"ui-link ui-widget\" target=\"_blank\" rel=\"noopener\" style=\"font-size: 16px;\">\u00a0www.reiterverein-n\u00fcrtingen.de<\/a><\/li>\n<li class=\"title\" onclick=\"expand(33669)\" style=\"text-align: left;\">Georg Ederle, Beruf: Pferdewirt: Pferdehaltung und Service<br \/>BissingenTeck, <i class=\"fa fa-phone icon\"><\/i><span>\u00a0<\/span>07023 4738, <i class=\"fa fa-envelope icon\"><\/i><a href=\"mailto:georg@ederle.de\" class=\"ui-link ui-widget\">\u00a0georg@ederle.de<\/a><\/li>\n<li class=\"title\" onclick=\"expand(33669)\" style=\"text-align: left;\">Reitanlage Bihler GbR, Beruf: Pferdewirt: Pferdehaltung und Service<br \/>Filderstadt, <i class=\"fa fa-envelope icon\"><\/i><a href=\"mailto:Simone.bihler@web.de\" class=\"ui-link ui-widget\">\u00a0Simone.bihler@web.de, <\/a><i class=\"fa fa-star icon\"><\/i>\u00a0<a href=\"http:\/\/www.reitanlage-lindenaeckerhof.de\/\" class=\"ui-link ui-widget\" target=\"_blank\" rel=\"noopener\">www.reitanlage-lindenaeckerhof.de<\/a><\/li>\n<li class=\"title\" onclick=\"expand(33669)\" style=\"text-align: left;\">Schaal GbR \/ Reitstall Schaal, <span class=\"line\">Beruf: Pferdewirt: Pferdehaltung und Service<br \/><\/span>N\u00fcrtingen, 07022 42251, <i class=\"fa fa-envelope icon\"><\/i><a href=\"mailto:Simone.bihler@web.de\" class=\"ui-link ui-widget\">\u00a0<\/a><a href=\"mailto:info@reitstall-schaal.de\" class=\"ui-link ui-widget\">info@reitstall-schaal.de,<\/a><a href=\"mailto:Simone.bihler@web.de\" class=\"ui-link ui-widget\">\u00a0<\/a><i class=\"fa fa-star icon\"><\/i>\u00a0<a href=\"mailto:info@reitstall-schaal.de\" class=\"ui-link ui-widget\"><\/a><a href=\"http:\/\/www.reitstall-schaal.de\/\" class=\"ui-link ui-widget\" target=\"_blank\" rel=\"noopener\">www.reitstall-schaal.de<\/a><\/li>\n<li class=\"title\" onclick=\"expand(33669)\" style=\"text-align: left;\">H\u00f6lzel GbR, Beruf: Pferdewirt: Pferdehaltung und Service<br \/>Stuttgart, <i class=\"fa fa-envelope icon\"><\/i><a href=\"mailto:m.hoelzel@hotmail.de\" class=\"ui-link ui-widget\">\u00a0m.hoelzel@hotmail.de<\/a><\/li>\n<\/ul>\n<\/li>\n<\/ul>\n<ul>\n<li data-start=\"1095\" data-end=\"1386\">\n<p data-start=\"1097\" data-end=\"1386\" style=\"text-align: left;\"><strong data-start=\"1097\" data-end=\"1114\">Das Regelwerk<\/strong><br data-start=\"1114\" data-end=\"1117\" \/>Die Ausbildungs- und Pr\u00fcfungsordnung (APO) bildet die Grundlage f\u00fcr die einheitliche Qualifikation im Pferdesport.<\/p>\n<\/li>\n<\/ul>\n<p>[\/et_pb_text][\/et_pb_column][\/et_pb_row][\/et_pb_section]<\/p>\n","protected":false},"excerpt":{"rendered":"<p>Ausbildung Der Pferdesportkreis Stuttgart-Esslingen unterst\u00fctzt die qualifizierte Ausbildung von Reiterinnen, Reitern und Pferden wie auch von Ausbildern in der Region. Dabei stehen sowohl die F\u00f6rderung des Nachwuchses als auch eine fundierte theoretische Wissensvermittlung wie auch praktische Ausbildung im Mittelpunkt. Vereine mit SchulbetriebViele unserer Mitgliedsvereine haben einen Schulbetrieb, in dem jeweils Einsteiger und Fortgeschrittene systematisch gef\u00f6rdert [&hellip;]<\/p>\n","protected":false},"author":1,"featured_media":0,"parent":0,"menu_order":0,"comment_status":"closed","ping_status":"closed","template":"","meta":{"_et_pb_use_builder":"on","_et_pb_old_content":"","_et_gb_content_width":"","_mc_calendar":[],"footnotes":""},"class_list":["post-2306","page","type-page","status-publish","hentry"],"_links":{"self":[{"href":"https:\/\/psk-stuttgart-esslingen.de\/psk_wp\/wp-json\/wp\/v2\/pages\/2306","targetHints":{"allow":["GET"]}}],"collection":[{"href":"https:\/\/psk-stuttgart-esslingen.de\/psk_wp\/wp-json\/wp\/v2\/pages"}],"about":[{"href":"https:\/\/psk-stuttgart-esslingen.de\/psk_wp\/wp-json\/wp\/v2\/types\/page"}],"author":[{"embeddable":true,"href":"https:\/\/psk-stuttgart-esslingen.de\/psk_wp\/wp-json\/wp\/v2\/users\/1"}],"replies":[{"embeddable":true,"href":"https:\/\/psk-stuttgart-esslingen.de\/psk_wp\/wp-json\/wp\/v2\/comments?post=2306"}],"version-history":[{"count":12,"href":"https:\/\/psk-stuttgart-esslingen.de\/psk_wp\/wp-json\/wp\/v2\/pages\/2306\/revisions"}],"predecessor-version":[{"id":3848,"href":"https:\/\/psk-stuttgart-esslingen.de\/psk_wp\/wp-json\/wp\/v2\/pages\/2306\/revisions\/3848"}],"wp:attachment":[{"href":"https:\/\/psk-stuttgart-esslingen.de\/psk_wp\/wp-json\/wp\/v2\/media?parent=2306"}],"curies":[{"name":"wp","href":"https:\/\/api.w.org\/{rel}","templated":true}]}}