{"id":2311,"date":"2025-09-24T20:26:15","date_gmt":"2025-09-24T18:26:15","guid":{"rendered":"https:\/\/psk-stuttgart-esslingen.de\/psk_wp\/?page_id=2311"},"modified":"2025-12-01T13:23:05","modified_gmt":"2025-12-01T12:23:05","slug":"zucht","status":"publish","type":"page","link":"https:\/\/psk-stuttgart-esslingen.de\/psk_wp\/zucht\/","title":{"rendered":"Zucht"},"content":{"rendered":"<p>[et_pb_section fb_built=&#8220;1&#8243; _builder_version=&#8220;4.27.4&#8243; _module_preset=&#8220;default&#8220; global_colors_info=&#8220;{}&#8220;][et_pb_row column_structure=&#8220;1_4,3_4&#8243; _builder_version=&#8220;4.27.4&#8243; _module_preset=&#8220;default&#8220; global_colors_info=&#8220;{}&#8220;][et_pb_column type=&#8220;1_4&#8243; _builder_version=&#8220;4.27.4&#8243; _module_preset=&#8220;default&#8220; global_colors_info=&#8220;{}&#8220;][et_pb_sidebar disabled_on=&#8220;on|on|off&#8220; _builder_version=&#8220;4.27.4&#8243; _module_preset=&#8220;default&#8220; global_colors_info=&#8220;{}&#8220;][\/et_pb_sidebar][\/et_pb_column][et_pb_column type=&#8220;3_4&#8243; _builder_version=&#8220;4.27.4&#8243; _module_preset=&#8220;default&#8220; global_colors_info=&#8220;{}&#8220;][et_pb_text _builder_version=&#8220;4.27.4&#8243; _module_preset=&#8220;default&#8220; hover_enabled=&#8220;0&#8243; global_colors_info=&#8220;{}&#8220; sticky_enabled=&#8220;0&#8243;]<\/p>\n<h2 data-start=\"134\" data-end=\"428\" style=\"text-align: left;\"><strong data-start=\"134\" data-end=\"143\">Zucht<\/strong><\/h2>\n<p data-start=\"134\" data-end=\"428\" style=\"text-align: left;\"><br data-start=\"143\" data-end=\"146\" \/>Die Zucht bildet die Grundlage f\u00fcr die Qualit\u00e4t und Vielfalt unserer Pferde im Sport und in der Freizeit. Im Pferdesportkreis Stuttgart-Esslingen arbeiten erfahrene Z\u00fcchterinnen und Z\u00fcchter daran, Pferde mit besten Voraussetzungen f\u00fcr unterschiedliche Disziplinen hervorzubringen.<\/p>\n<p data-start=\"134\" data-end=\"428\" style=\"text-align: left;\">Neben vielen meist privaten Z\u00fcchtern, die teilweise schon sehr lange im Zuchtgeschehen passoiniert und sehr erfahren unterwegs sind gibt es Zentrale Anlaufstellen f\u00fcr allen wichtigen Themen rund im die Zucht.<\/p>\n<p style=\"text-align: left;\"><span><a href=\"http:\/\/nt-es.pferdezuchtvereine-bw.de\" target=\"_blank\" rel=\"noopener\"><strong>Pferdezuchtverein N\u00fcrtingen-Esslingen e.V.<\/strong><\/a><\/span><\/p>\n<p style=\"text-align: left;\">Sitz: Aichtal-Aich<\/p>\n<ul class=\"relative list-outside marker:text-foreground-750 dark:marker:text-foreground-600 flex flex-col ms-4 px-1\">\n<li style=\"text-align: left;\"><span>Aktivit\u00e4ten: Zuchtveranstaltungen, Jungz\u00fcchterarbeit, Fohlenschauen, Stutenleistungspr\u00fcfungen<\/span><\/li>\n<li>\n<p style=\"text-align: left;\"><span>Eingebunden in den Pferdezuchtverband Baden-W\u00fcrttemberg<\/span><\/p>\n<\/li>\n<\/ul>\n<p style=\"text-align: left;\"><span><a href=\"https:\/\/pzvbw.de\/de\/Verband\/Aktuelles\/Aktuelle%20News\" target=\"_blank\" rel=\"noopener\"><strong>Pferdezuchtverband Baden-W\u00fcrttemberg e.V.<\/strong><\/a>\u00a0<\/span><\/p>\n<ul class=\"relative list-outside marker:text-foreground-750 dark:marker:text-foreground-600 flex flex-col ms-4 px-1\">\n<li style=\"text-align: left;\"><span>Landesverband, dem alle regionalen Pferdezuchtvereine angeh\u00f6ren<\/span><\/li>\n<li>\n<p style=\"text-align: left;\"><span>Koordiniert K\u00f6rungen, Leistungspr\u00fcfungen und Zuchtprogramme<\/span><\/p>\n<\/li>\n<\/ul>\n<ul data-start=\"430\" data-end=\"746\"><\/ul>\n<p>[\/et_pb_text][\/et_pb_column][\/et_pb_row][\/et_pb_section]<\/p>\n","protected":false},"excerpt":{"rendered":"<p>Zucht Die Zucht bildet die Grundlage f\u00fcr die Qualit\u00e4t und Vielfalt unserer Pferde im Sport und in der Freizeit. Im Pferdesportkreis Stuttgart-Esslingen arbeiten erfahrene Z\u00fcchterinnen und Z\u00fcchter daran, Pferde mit besten Voraussetzungen f\u00fcr unterschiedliche Disziplinen hervorzubringen. Neben vielen meist privaten Z\u00fcchtern, die teilweise schon sehr lange im Zuchtgeschehen passoiniert und sehr erfahren unterwegs sind gibt [&hellip;]<\/p>\n","protected":false},"author":1,"featured_media":0,"parent":0,"menu_order":0,"comment_status":"closed","ping_status":"closed","template":"","meta":{"_et_pb_use_builder":"on","_et_pb_old_content":"","_et_gb_content_width":"","_mc_calendar":[],"footnotes":""},"class_list":["post-2311","page","type-page","status-publish","hentry"],"_links":{"self":[{"href":"https:\/\/psk-stuttgart-esslingen.de\/psk_wp\/wp-json\/wp\/v2\/pages\/2311","targetHints":{"allow":["GET"]}}],"collection":[{"href":"https:\/\/psk-stuttgart-esslingen.de\/psk_wp\/wp-json\/wp\/v2\/pages"}],"about":[{"href":"https:\/\/psk-stuttgart-esslingen.de\/psk_wp\/wp-json\/wp\/v2\/types\/page"}],"author":[{"embeddable":true,"href":"https:\/\/psk-stuttgart-esslingen.de\/psk_wp\/wp-json\/wp\/v2\/users\/1"}],"replies":[{"embeddable":true,"href":"https:\/\/psk-stuttgart-esslingen.de\/psk_wp\/wp-json\/wp\/v2\/comments?post=2311"}],"version-history":[{"count":4,"href":"https:\/\/psk-stuttgart-esslingen.de\/psk_wp\/wp-json\/wp\/v2\/pages\/2311\/revisions"}],"predecessor-version":[{"id":3694,"href":"https:\/\/psk-stuttgart-esslingen.de\/psk_wp\/wp-json\/wp\/v2\/pages\/2311\/revisions\/3694"}],"wp:attachment":[{"href":"https:\/\/psk-stuttgart-esslingen.de\/psk_wp\/wp-json\/wp\/v2\/media?parent=2311"}],"curies":[{"name":"wp","href":"https:\/\/api.w.org\/{rel}","templated":true}]}}