{"id":3591,"date":"2025-11-21T10:22:53","date_gmt":"2025-11-21T09:22:53","guid":{"rendered":"https:\/\/psk-stuttgart-esslingen.de\/psk_wp\/?page_id=3591"},"modified":"2025-12-07T12:22:10","modified_gmt":"2025-12-07T11:22:10","slug":"psk-fest-2","status":"publish","type":"page","link":"https:\/\/psk-stuttgart-esslingen.de\/psk_wp\/psk-fest-2\/","title":{"rendered":"PSK-Fest"},"content":{"rendered":"<p>[et_pb_section fb_built=&#8220;1&#8243; _builder_version=&#8220;4.27.4&#8243; _module_preset=&#8220;default&#8220; global_colors_info=&#8220;{}&#8220;][et_pb_row column_structure=&#8220;1_4,3_4&#8243; _builder_version=&#8220;4.27.4&#8243; _module_preset=&#8220;default&#8220; collapsed=&#8220;off&#8220; global_colors_info=&#8220;{}&#8220;][et_pb_column type=&#8220;1_4&#8243; _builder_version=&#8220;4.27.4&#8243; _module_preset=&#8220;default&#8220; global_colors_info=&#8220;{}&#8220;][et_pb_sidebar _builder_version=&#8220;4.27.4&#8243; _module_preset=&#8220;default&#8220; global_colors_info=&#8220;{}&#8220;][\/et_pb_sidebar][\/et_pb_column][et_pb_column type=&#8220;3_4&#8243; _builder_version=&#8220;4.27.4&#8243; _module_preset=&#8220;default&#8220; global_colors_info=&#8220;{}&#8220;][et_pb_text _builder_version=&#8220;4.27.4&#8243; _module_preset=&#8220;default&#8220; global_colors_info=&#8220;{}&#8220;]<\/p>\n<h2 style=\"text-align: left;\">Jahresabschlussfest <br \/>des PSK Stuttgart-Esslingen<\/h2>\n<p>[\/et_pb_text][et_pb_text _builder_version=&#8220;4.27.4&#8243; _module_preset=&#8220;default&#8220; global_colors_info=&#8220;{}&#8220;]<\/p>\n<p style=\"text-align: left;\"><strong>Das Jahresabschlussfest<\/strong> des Pferdesportkreises Stuttgart\u2011Esslingen wird als gro\u00dfes Gemeinschaftsereignis gefeiert, zu dem viele Pferdesportler mit ihren Familien und Freunden zusammen kommen.<\/p>\n<p style=\"text-align: left;\">Traditionell wird mit einem Sektempfang gestartet. Nach einer kurzen Begr\u00fc\u00dfung bringt der Service die Getr\u00e4nke- und\u00a0 Essensw\u00fcnsche an die Tische.<\/p>\n<p style=\"text-align: left;\">Im Mittelpunkt stehen ganz klar unsere Sportlerehrungen unsere CUP-Wertungen, der PSK-Meisterschaften, der PSK-Mannschaften und \u00fcberregionaler Erfolge.<\/p>\n<p style=\"text-align: left;\">Eine \u00dcberraschung ist jedes Jahr welcher Show-Act auf der B\u00fchne erscheint &#8230;<\/p>\n<p style=\"text-align: left;\">Bevor es dann in der Regel bis weit nach Mitternacht auf die Tanzfl\u00e4che und and die Bar geht werden noch die gl\u00fccklichen Gewinner unserer Tombola bekannt gegeben.<\/p>\n<p style=\"text-align: left;\">\n<p>[\/et_pb_text][et_pb_text _builder_version=&#8220;4.27.4&#8243; _module_preset=&#8220;default&#8220; global_colors_info=&#8220;{}&#8220;]<\/p>\n<h3><strong>Lust in 2026 auch zu kommen &#8230; hier k\u00f6nntest du auch dabei sein &#8230; !<\/strong><\/h3>\n<p>[\/et_pb_text][et_pb_gallery show_title_and_caption=&#8220;off&#8220; show_pagination=&#8220;off&#8220; _builder_version=&#8220;4.27.4&#8243; _module_preset=&#8220;default&#8220; custom_padding=&#8220;||0px|||&#8220; hover_enabled=&#8220;0&#8243; global_colors_info=&#8220;{}&#8220; sticky_enabled=&#8220;0&#8243;][\/et_pb_gallery][et_pb_text _builder_version=&#8220;4.27.4&#8243; _module_preset=&#8220;default&#8220; background_color=&#8220;RGBA(255,255,255,0)&#8220; custom_padding=&#8220;0px|||||&#8220; global_colors_info=&#8220;{}&#8220;]<\/p>\n<h3 style=\"text-align: left;\">Hier geht&#8217;s zum Bilderarchiv &#8230; Link einf\u00fcgen<\/h3>\n<p>[\/et_pb_text][et_pb_text _builder_version=&#8220;4.27.4&#8243; _module_preset=&#8220;default&#8220; background_color=&#8220;RGBA(255,255,255,0)&#8220; global_colors_info=&#8220;{}&#8220;]<\/p>\n<h3 style=\"text-align: left;\">Ank\u00fcndigung\u00a0<\/h3>\n<p style=\"text-align: left;\">Der Termin f\u00fcr das PSK Fest 2026 steht schon! Es ist der 24.10.2026<\/p>\n<p>&nbsp;<\/p>\n<p>[\/et_pb_text][et_pb_text _builder_version=&#8220;4.27.4&#8243; _module_preset=&#8220;default&#8220; global_colors_info=&#8220;{}&#8220; custom_margin=&#8220;-48px|||||&#8220;]<\/p>\n<p style=\"text-align: left;\"><a href=\"https:\/\/psk-stuttgart-esslingen.de\/psk_wp\/psk-fest\/\" title=\"Link zur Kartenbuchung\">Link zur Kartenbuchung<\/a><\/p>\n<p>[\/et_pb_text][et_pb_code _builder_version=&#8220;4.27.4&#8243; _module_preset=&#8220;default&#8220; global_colors_info=&#8220;{}&#8220;]<\/p>\n<div class=\"sponsor-section\"><!-- [et_pb_line_break_holder] -->  <\/p>\n<h2>Vielen Dank unseren Fest-Sponsoren &#8211; hier muss eine Standbild aller Sponsorenlogos rein und eine Danke sch\u00f6n etc.<\/h2>\n<p><!-- [et_pb_line_break_holder] --><!-- [et_pb_line_break_holder] -->  <\/p>\n<div class=\"sponsor-slider-widget\"><!-- [et_pb_line_break_holder] -->    <img decoding=\"async\" class=\"sponsor-slide active\" src=\"https:\/\/psk-stuttgart-esslingen.de\/psk_wp\/wp-content\/uploads\/2025\/10\/dunkes-e1760089972732.png\" alt=\"Sponsor 1\"><!-- [et_pb_line_break_holder] -->    <!-- [et_pb_line_break_holder] -->    <img decoding=\"async\" class=\"sponsor-slide\" src=\"https:\/\/psk-stuttgart-esslingen.de\/psk_wp\/wp-content\/uploads\/2025\/05\/ksk-es.png\" alt=\"Sponsor 3\"><!-- [et_pb_line_break_holder] -->    <img decoding=\"async\" class=\"sponsor-slide\" src=\"https:\/\/psk-stuttgart-esslingen.de\/psk_wp\/wp-content\/uploads\/2025\/05\/vb.png\" alt=\"Sponsor 4\"><!-- [et_pb_line_break_holder] -->  <\/div>\n<p><!-- [et_pb_line_break_holder] --><\/div>\n<p><!-- [et_pb_line_break_holder] --><!-- [et_pb_line_break_holder] --><\/p>\n<style><!-- [et_pb_line_break_holder] -->.sponsor-section {<!-- [et_pb_line_break_holder] -->  text-align: center;<!-- [et_pb_line_break_holder] -->  margin: 40px 0;<!-- [et_pb_line_break_holder] -->}<!-- [et_pb_line_break_holder] --><!-- [et_pb_line_break_holder] -->.sponsor-slider-widget {<!-- [et_pb_line_break_holder] -->  width: 200px;<!-- [et_pb_line_break_holder] -->  height: 80px;<!-- [et_pb_line_break_holder] -->  position: relative;<!-- [et_pb_line_break_holder] -->  overflow: hidden;<!-- [et_pb_line_break_holder] -->  background: #fff;<!-- [et_pb_line_break_holder] -->  margin: 0 auto;<!-- [et_pb_line_break_holder] -->}<!-- [et_pb_line_break_holder] --><!-- [et_pb_line_break_holder] -->.sponsor-slide {<!-- [et_pb_line_break_holder] -->  position: absolute;<!-- [et_pb_line_break_holder] -->  top: 0;<!-- [et_pb_line_break_holder] -->  left: 0;<!-- [et_pb_line_break_holder] -->  width: 100%;<!-- [et_pb_line_break_holder] -->  height: 100%;<!-- [et_pb_line_break_holder] -->  object-fit: contain;<!-- [et_pb_line_break_holder] -->  opacity: 0;<!-- [et_pb_line_break_holder] -->  transition: opacity 1s ease-in-out;<!-- [et_pb_line_break_holder] -->}<!-- [et_pb_line_break_holder] --><!-- [et_pb_line_break_holder] -->.sponsor-slide.active {<!-- [et_pb_line_break_holder] -->  opacity: 1;<!-- [et_pb_line_break_holder] -->  z-index: 1;<!-- [et_pb_line_break_holder] -->}<!-- [et_pb_line_break_holder] --><\/style>\n<p><!-- [et_pb_line_break_holder] --><!-- [et_pb_line_break_holder] --><script><!-- [et_pb_line_break_holder] -->document.addEventListener(\"DOMContentLoaded\", function() {<!-- [et_pb_line_break_holder] -->  const slides = document.querySelectorAll('.sponsor-slide');<!-- [et_pb_line_break_holder] -->  let current = 0;<!-- [et_pb_line_break_holder] --><!-- [et_pb_line_break_holder] -->  if (slides.length > 1) {<!-- [et_pb_line_break_holder] -->    function showNextSlide() {<!-- [et_pb_line_break_holder] -->      slides[current].classList.remove('active');<!-- [et_pb_line_break_holder] -->      current = (current + 1) % slides.length;<!-- [et_pb_line_break_holder] -->      slides[current].classList.add('active');<!-- [et_pb_line_break_holder] -->    }<!-- [et_pb_line_break_holder] --><!-- [et_pb_line_break_holder] -->    \/\/ wiederholt endlos<!-- [et_pb_line_break_holder] -->    setInterval(showNextSlide, 5000);<!-- [et_pb_line_break_holder] -->  }<!-- [et_pb_line_break_holder] -->});<!-- [et_pb_line_break_holder] --><\/script><!-- [et_pb_line_break_holder] -->[\/et_pb_code][\/et_pb_column][\/et_pb_row][\/et_pb_section]<\/p>\n","protected":false},"excerpt":{"rendered":"<p>Jahresabschlussfest des PSK Stuttgart-EsslingenDas Jahresabschlussfest des Pferdesportkreises Stuttgart\u2011Esslingen wird als gro\u00dfes Gemeinschaftsereignis gefeiert, zu dem viele Pferdesportler mit ihren Familien und Freunden zusammen kommen. Traditionell wird mit einem Sektempfang gestartet. Nach einer kurzen Begr\u00fc\u00dfung bringt der Service die Getr\u00e4nke- und\u00a0 Essensw\u00fcnsche an die Tische. Im Mittelpunkt stehen ganz klar unsere Sportlerehrungen unsere CUP-Wertungen, der PSK-Meisterschaften, [&hellip;]<\/p>\n","protected":false},"author":1,"featured_media":0,"parent":0,"menu_order":0,"comment_status":"closed","ping_status":"closed","template":"","meta":{"_et_pb_use_builder":"on","_et_pb_old_content":"","_et_gb_content_width":"","_mc_calendar":[],"footnotes":""},"class_list":["post-3591","page","type-page","status-publish","hentry"],"_links":{"self":[{"href":"https:\/\/psk-stuttgart-esslingen.de\/psk_wp\/wp-json\/wp\/v2\/pages\/3591","targetHints":{"allow":["GET"]}}],"collection":[{"href":"https:\/\/psk-stuttgart-esslingen.de\/psk_wp\/wp-json\/wp\/v2\/pages"}],"about":[{"href":"https:\/\/psk-stuttgart-esslingen.de\/psk_wp\/wp-json\/wp\/v2\/types\/page"}],"author":[{"embeddable":true,"href":"https:\/\/psk-stuttgart-esslingen.de\/psk_wp\/wp-json\/wp\/v2\/users\/1"}],"replies":[{"embeddable":true,"href":"https:\/\/psk-stuttgart-esslingen.de\/psk_wp\/wp-json\/wp\/v2\/comments?post=3591"}],"version-history":[{"count":5,"href":"https:\/\/psk-stuttgart-esslingen.de\/psk_wp\/wp-json\/wp\/v2\/pages\/3591\/revisions"}],"predecessor-version":[{"id":3874,"href":"https:\/\/psk-stuttgart-esslingen.de\/psk_wp\/wp-json\/wp\/v2\/pages\/3591\/revisions\/3874"}],"wp:attachment":[{"href":"https:\/\/psk-stuttgart-esslingen.de\/psk_wp\/wp-json\/wp\/v2\/media?parent=3591"}],"curies":[{"name":"wp","href":"https:\/\/api.w.org\/{rel}","templated":true}]}}