{"id":627,"date":"2025-03-24T13:54:29","date_gmt":"2025-03-24T12:54:29","guid":{"rendered":"http:\/\/localhost\/psk\/wordpress\/?page_id=627"},"modified":"2025-09-26T06:21:07","modified_gmt":"2025-09-26T04:21:07","slug":"der-psk","status":"publish","type":"page","link":"https:\/\/psk-stuttgart-esslingen.de\/psk_wp\/der-psk\/","title":{"rendered":"Der PSK"},"content":{"rendered":"<p>[et_pb_section fb_built=&#8220;1&#8243; _builder_version=&#8220;4.27.4&#8243; _module_preset=&#8220;default&#8220; global_colors_info=&#8220;{}&#8220;][et_pb_row column_structure=&#8220;1_4,3_4&#8243; _builder_version=&#8220;4.27.4&#8243; _module_preset=&#8220;default&#8220; global_colors_info=&#8220;{}&#8220;][et_pb_column type=&#8220;1_4&#8243; _builder_version=&#8220;4.27.4&#8243; _module_preset=&#8220;default&#8220; global_colors_info=&#8220;{}&#8220;][et_pb_sidebar disabled_on=&#8220;on|on|off&#8220; _builder_version=&#8220;4.27.4&#8243; _module_preset=&#8220;default&#8220; hover_enabled=&#8220;0&#8243; global_colors_info=&#8220;{}&#8220; sticky_enabled=&#8220;0&#8243;][\/et_pb_sidebar][\/et_pb_column][et_pb_column type=&#8220;3_4&#8243; _builder_version=&#8220;4.27.4&#8243; _module_preset=&#8220;default&#8220; global_colors_info=&#8220;{}&#8220;][et_pb_text _builder_version=&#8220;4.27.4&#8243; _module_preset=&#8220;default&#8220; global_colors_info=&#8220;{}&#8220;]<\/p>\n<h2 style=\"text-align: left;\">Der PSK<\/h2>\n<p style=\"text-align: left;\">Der Pferdesportkreis (PSK) Stuttgart-Esslingen besteht aktuell aus 37 Vereinen mit insgesamt ca. 5.000 Mitgliedern.<\/p>\n<p style=\"text-align: left;\">Er ist damit der drittgr\u00f6\u00dfte PSK von insgesamt 17 in W\u00fcrttemberg.<\/p>\n<p style=\"text-align: left;\">In den Untermen\u00fcs finden Sie Informationen rund um den PSK, die Dachverb\u00e4nde und den Reitsport.<\/p>\n<p style=\"text-align: left;\">Mit zahlreichen Lehrg\u00e4ngen in allen Disziplinen, einem umfangreichen F\u00f6rdergruppenprogramm und Wertungspr\u00fcfungen zur Turnierserien in Dressur, Springen bietet der PSK Stuttgart-Esslingen ein abwechslungsreiches Angebot rund um den aktiven Pferdesport. Schauen Sie bei unseren und den Veranstaltungen unserer Mitglieder vorbei \u2013 Viel Spa\u00df auf unserer Homepage!<\/p>\n<p style=\"text-align: left;\">Wenn Sie Anregungen oder Fragen haben, freuen wir uns \u00fcber Ihre <a href=\"mailto:info@psk-stuttgart-esslingen.de\">E-Mail<span style=\"color: #000000;\">.<\/span><\/a><\/p>\n<p>[\/et_pb_text][et_pb_image src=&#8220;https:\/\/psk-stuttgart-esslingen.de\/psk_wp\/wp-content\/uploads\/2025\/09\/Weilheim-4.jpg&#8220; title_text=&#8220;Weilheim 4&#8243; _builder_version=&#8220;4.27.4&#8243; _module_preset=&#8220;default&#8220; width=&#8220;49.6%&#8220; animation_style=&#8220;slide&#8220; global_colors_info=&#8220;{}&#8220;][\/et_pb_image][\/et_pb_column][\/et_pb_row][\/et_pb_section]<\/p>\n","protected":false},"excerpt":{"rendered":"<p>Der PSK Der Pferdesportkreis (PSK) Stuttgart-Esslingen besteht aktuell aus 37 Vereinen mit insgesamt ca. 5.000 Mitgliedern. Er ist damit der drittgr\u00f6\u00dfte PSK von insgesamt 17 in W\u00fcrttemberg. In den Untermen\u00fcs finden Sie Informationen rund um den PSK, die Dachverb\u00e4nde und den Reitsport. Mit zahlreichen Lehrg\u00e4ngen in allen Disziplinen, einem umfangreichen F\u00f6rdergruppenprogramm und Wertungspr\u00fcfungen zur Turnierserien [&hellip;]<\/p>\n","protected":false},"author":1,"featured_media":0,"parent":0,"menu_order":0,"comment_status":"closed","ping_status":"closed","template":"","meta":{"_et_pb_use_builder":"on","_et_pb_old_content":"","_et_gb_content_width":"","_mc_calendar":[],"footnotes":""},"class_list":["post-627","page","type-page","status-publish","hentry"],"_links":{"self":[{"href":"https:\/\/psk-stuttgart-esslingen.de\/psk_wp\/wp-json\/wp\/v2\/pages\/627","targetHints":{"allow":["GET"]}}],"collection":[{"href":"https:\/\/psk-stuttgart-esslingen.de\/psk_wp\/wp-json\/wp\/v2\/pages"}],"about":[{"href":"https:\/\/psk-stuttgart-esslingen.de\/psk_wp\/wp-json\/wp\/v2\/types\/page"}],"author":[{"embeddable":true,"href":"https:\/\/psk-stuttgart-esslingen.de\/psk_wp\/wp-json\/wp\/v2\/users\/1"}],"replies":[{"embeddable":true,"href":"https:\/\/psk-stuttgart-esslingen.de\/psk_wp\/wp-json\/wp\/v2\/comments?post=627"}],"version-history":[{"count":10,"href":"https:\/\/psk-stuttgart-esslingen.de\/psk_wp\/wp-json\/wp\/v2\/pages\/627\/revisions"}],"predecessor-version":[{"id":2509,"href":"https:\/\/psk-stuttgart-esslingen.de\/psk_wp\/wp-json\/wp\/v2\/pages\/627\/revisions\/2509"}],"wp:attachment":[{"href":"https:\/\/psk-stuttgart-esslingen.de\/psk_wp\/wp-json\/wp\/v2\/media?parent=627"}],"curies":[{"name":"wp","href":"https:\/\/api.w.org\/{rel}","templated":true}]}}