{"id":992,"date":"2025-04-17T12:23:15","date_gmt":"2025-04-17T10:23:15","guid":{"rendered":"http:\/\/localhost\/psk\/wordpress\/?page_id=992"},"modified":"2025-12-07T09:34:23","modified_gmt":"2025-12-07T08:34:23","slug":"psk-meisterschaften","status":"publish","type":"page","link":"https:\/\/psk-stuttgart-esslingen.de\/psk_wp\/psk-meisterschaften\/","title":{"rendered":"PSK-Meisterschaften"},"content":{"rendered":"<p>[et_pb_section fb_built=&#8220;1&#8243; _builder_version=&#8220;4.27.4&#8243; _module_preset=&#8220;default&#8220; global_colors_info=&#8220;{}&#8220;][et_pb_row column_structure=&#8220;1_4,3_4&#8243; _builder_version=&#8220;4.27.4&#8243; _module_preset=&#8220;default&#8220; global_colors_info=&#8220;{}&#8220;][et_pb_column type=&#8220;1_4&#8243; _builder_version=&#8220;4.27.4&#8243; _module_preset=&#8220;default&#8220; global_colors_info=&#8220;{}&#8220;][et_pb_sidebar disabled_on=&#8220;on|on|off&#8220; _builder_version=&#8220;4.27.4&#8243; _module_preset=&#8220;default&#8220; global_colors_info=&#8220;{}&#8220;][\/et_pb_sidebar][\/et_pb_column][et_pb_column type=&#8220;3_4&#8243; _builder_version=&#8220;4.27.4&#8243; _module_preset=&#8220;default&#8220; global_colors_info=&#8220;{}&#8220;][et_pb_text _builder_version=&#8220;4.27.4&#8243; _module_preset=&#8220;default&#8220; hover_enabled=&#8220;0&#8243; global_colors_info=&#8220;{}&#8220; sticky_enabled=&#8220;0&#8243;]<\/p>\n<h2 class=\"uk-article-title\" style=\"text-align: left;\">PSK-Meisterschaften<\/h2>\n<div class=\"conel\" style=\"text-align: left;\">\n<h3><\/h3>\n<h3>1. Bezirksmeisterschaften in Dressur und Springen<\/h3>\n<p>Ende September finden in wechselndem Turnus in der Regel in den Vereinen LRFV K\u00f6ngen und RV N\u00fcrtingen die PSK-Bezirksmeisterschaften in Dressur und Springen statt.<\/p>\n<p>In der Klasse E sind nur Junioren bis einschl. 18 Jahren &#8211; U18 &#8211; und in der Klasse A nur Junioren und Junge Reiter &#8211; U21 &#8211; zugelassen. Die Klassen L und M sind f\u00fcr alle Reiter offen.<br \/>Die Klassen E und A sind wie die Klassen L und M gegeneinander gehandicapt.<\/p>\n<p><strong>Meistertitel<\/strong><\/p>\n<p><span style=\"font-size: 16px;\">Es werden folgende Titel werden vergeben:<\/span><\/p>\n<p><em>1) Einzelbezirksmeister<\/em><strong><br \/><\/strong><span style=\"font-size: 16px;\">gem. der Rangierung in den jeweiligen Pr\u00fcfungen<br \/><\/span>Kl. E: Dressur Prfg. 1; Springen Prfg. 2<br \/>Kl. A: Dressur Prfg. 3; Springen Prfg. 4<br \/>Kl. L: Dressur Prfg. 5; Springen Prfg. 6<br \/>Kl. M: Dressur Prfg. 7; Springen Prfg. 9 (9: Spr. LP M* mit St.)<\/p>\n<p><em>2) Vereinsbezirksmeister &#8211; Klassenwertung<\/em><strong><br \/><\/strong>gem. gewerteter Punktesumme<br \/>Bezirksmeister Kl. E (Prfg. 1+2)<br \/>Bezirksmeister Kl. A (Prfg. 3+4)<br \/>Bezirksmeister Kl. L (Prfg. 5+6)<br \/>Bezirksmeister Kl. M (Prfg. 7+8) (8: Spr. LP mit st. Anf.)<\/p>\n<p><em>3) Vereinsbezirksmeister &#8211; Gesamtwertung<\/em><strong><br \/><\/strong>gem. gewerteter Gesamtpunkte der Prfg. 1 bis 8 zzgl. Jokerregelung Prfg. 12 und 13.<\/p>\n<p><strong style=\"font-size: 16px;\">Meisterschaftsmodus &#8211; <\/strong><a href=\"https:\/\/psk-stuttgart-esslingen.de\/psk_wp\/wp-content\/uploads\/2025\/12\/Ausschreibung_BZM_Master_HMA_2025.pdf\" rel=\"attachment noopener wp-att-3701\" target=\"_blank\" title=\"Musterauschreibung\" style=\"font-size: 16px;\">Hier geht&#8217;s zur Musterausschreibung.<\/a><\/p>\n<p><em>1) Punktewertung<\/em><br \/><span style=\"font-size: 16px;\">Gewertet werden f\u00fcr den Verein 2 Reiter und zwar die beiden bestplatzierten Teilnehmer, unabh\u00e4ngig davon, wie viele Reiter eines Vereins gestartet sind. F\u00fcr die Punktewertung ist nicht Voraussetzung, dass diese beiden Reiter in die offizielle Platzierung kommen. Die beiden Reiter erhalten Punkte gem\u00e4\u00df ihres Ranges in der Pr\u00fcfung, und zwar erh\u00e4lt der Sieger 50 Punkte, der Zweite 49 Punkte, der Dritte 48 Punkte usw.<\/span><\/p>\n<p>Sofern ein Reiter in einer Prfg. mit 2 Pferden startet, z\u00e4hlt nur die bessere Platzierung. In den Dressur- und Stilspringprfg. werden Punkte nur f\u00fcr die Wertnote 5,0 und besser (in den Dressuren Kl. L bzw. Kl. M gem. Umrechnungstabelle: 5,0) vergeben. Der Bezirksmeister in den einzelnen Klassen ist jeweils der Verein mit der h\u00f6chsten Gesamtpunktzahl aus den jeweiligen Prfg., die f\u00fcr die Ermittlung der einzelnen Bezirksmeisterstitel ausgeschrieben sind. Der Vereinsbezirksmeister ist der Verein mit der h\u00f6chsten Gesamtpunktzahl aus allen f\u00fcr die Wertung ausgeschriebenen Prfg.<\/p>\n<p><em>2) Jockerregelung<\/em><br \/>Vereine, die in den Springpr\u00fcfungen 2, 4, 6 oder 8 nicht mit jeweils 2 Teilnehmern in die Meisterschaftspunktewertung geritten sind, k\u00f6nnen einmalig Punkte eines Reiters gem\u00e4\u00df Platzierung in Prfg. 12 oder 13 in die Vereinsbezirksmeisterschaftswertung einbringen.<\/p>\n<p><em>3) Pr\u00fcfungsteilung<\/em><br \/>Sofern Prfg. gem. LPO \u00a7 50 geteilt werden m\u00fcssen, so ist dies f\u00fcr die Punktberechnung unbedeutsam, d.h. die offiziellen Ergebnisse werden f\u00fcr das Punkteraster ungeteilt verwertet.<\/p>\n<p><strong>Ehrenpreise<\/strong><\/p>\n<p>Die Einzelmeister Dressur und Springen erhalten eine Sch\u00e4rpe.<br \/>Die Platzierten auf den R\u00e4ngen 1-3 herhalten je eine Medaille und eine Einladung zu unserem PSK-Fest.<\/p>\n<p>Die R\u00e4nge 1-3 der Vereinsbezirksmeisterschaft in der Klassenwertung erhalten je einen Pokal.<\/p>\n<p>Der Sieger und damit der Vereinsbezirksmeister in der Gesamtwertung erh\u00e4lt einen Wanderpokal in Form einer Pferdestatue &#8211; f\u00fcr ein Jahr. <span style=\"font-size: 16px;\">Der Wanderpokal muss zur n\u00e4chsten Meisterschaft wieder ausgeh\u00e4ndigt werden, es sei denn er wurde dreimal hintereinander gewonnen.<\/span><\/p>\n<p>Der R\u00e4nge 1-3 der Vereinsbezirksmeister in der Gesamtwertung erhalten je einen Pokal und in Abh\u00e4ngigkeit ihres Ranges 8, 6 bzw. 4 Eintrittskarten zu unserem PSK-Fest.<\/p>\n<p><strong>Ergebnisse<\/strong><\/p>\n<p><a href=\"https:\/\/psk-stuttgart-esslingen.de\/psk_wp\/wp-content\/uploads\/2025\/09\/PSK-Meister-Uebersicht2025.pdf\" rel=\"attachment wp-att-2437\">Ergebnisse 2025 \u00dcbersicht<\/a><span> | <a href=\"https:\/\/psk-stuttgart-esslingen.de\/psk_wp\/wp-content\/uploads\/2025\/09\/PSK-Mannschaftswertung2025.pdf\" rel=\"attachment wp-att-2436\">Punkte-Stand 2025<\/a>\u00a0|\u00a0<\/span><a href=\"https:\/\/fn-erfolgsdaten.de\/show\/792538026\" target=\"_blank\" rel=\"noopener\">Link zu den FN-Erfolgsdaten<\/a><\/p>\n<p><span style=\"font-size: 16px;\"><\/span><a href=\"\/psk_wp\/wp-content\/uploads\/2017\/12\/ErgebnisseBZM2024.pdf\" target=\"_blank\" rel=\"noopener\" title=\"Ergebnisse 2024\" style=\"font-size: 16px;\">Ergebnisse 2024 \u00dcbersicht <\/a><span style=\"font-size: 16px;\">| <\/span><span style=\"font-size: 16px;\"><\/span><a href=\"https:\/\/fn-erfolgsdaten.de\/show\/792438018\" target=\"_blank\" rel=\"noopener\" style=\"font-size: 16px;\">Link zu den FN-Erfolgsdaten<\/a><\/p>\n<p><a href=\"\/psk_wp\/wp-content\/uploads\/2017\/12\/ErgebnisseBZM2023.pdf\" target=\"_blank\" rel=\"noopener\" title=\"ErgebnisseBZM2023\">Ergebnisse 2023 \u00dcbersicht<\/a><span style=\"background-color: inherit; color: inherit; font-family: inherit; font-size: 1rem; caret-color: auto;\"><br \/><\/span><\/p>\n<p>&nbsp;<\/p>\n<h3>2. Bezirksmeisterschaften Vielseitigkeit<\/h3>\n<\/div>\n<div class=\"conel\">\n<p style=\"text-align: left;\">Aktuell werden die Meisterschaften im Rahmen der Bezirksmeisterschaften und in einer Indoorpr\u00fcfung in Form einer kombinierten Pr\u00fcfung gewertet.<\/p>\n<p style=\"text-align: left;\"><span style=\"font-size: 16px; text-align: left;\">In der Vergangenheit war der Austragungsort in der Regel die Anlage des RFV Neuffen. Auch waren wir schon in Schw\u00e4bisch Gm\u00fcnd und Ruppertshofen zu Gast.<\/span><span style=\"font-size: 16px;\"><\/span><\/p>\n<p style=\"text-align: left;\"><strong>Meistertitel<\/strong><\/p>\n<p style=\"text-align: left;\"><span style=\"font-size: 16px;\">Es werden folgende Titel werden vergeben:<\/span><\/p>\n<p style=\"text-align: left;\"><span style=\"font-size: 16px;\">Vielseitigkeitsbezirksmeister Kl. E<br \/>Vielseitigkeitsbezirksmeister Kl. A<\/span><\/p>\n<p style=\"text-align: left;\"><strong>Meisterschaftsmodus &#8211;\u00a0<\/strong><span style=\"font-size: 16px;\"><\/span><a href=\"https:\/\/psk-stuttgart-esslingen.de\/psk_wp\/wp-content\/uploads\/2025\/12\/Ausschreibung_BZM_Master_HMA_2025.pdf\" rel=\"attachment noopener wp-att-3701\" target=\"_blank\" title=\"Musterauschreibung\" style=\"font-size: 16px;\">Hier geht&#8217;s zur Musterausschreibung.<\/a><\/p>\n<p style=\"text-align: left;\"><span style=\"font-size: 16px;\">Vielseitigkeitsbezirksmeister Kl. E: Die Meisterschaftswertung entspricht der Platzierung in der Prf. 10.<br \/>Vielseitigkeitsbezirksmeister Kl. A: Die Meisterschaftswertung entspricht der Platzierung in der Prf. 11.<\/span><\/p>\n<p style=\"text-align: left;\"><strong>Ehrenpreise<\/strong><\/p>\n<p style=\"text-align: left;\"><span style=\"font-size: 16px; text-align: center;\">Die jeweiligen Meister erhalten eine Sch\u00e4rpe.<br \/><\/span><span style=\"font-size: 16px; text-align: center;\">Die Platzierten auf den R\u00e4ngen 1-3 herhalten je eine Medaille und eine Einladung zu unserem PSK-Fest.<\/span><span style=\"font-size: 16px; text-align: center;\"><\/span><\/p>\n<p style=\"text-align: left;\"><span style=\"font-size: 16px; text-align: center;\"><strong>Ergebnisse\u00a0<\/strong><\/span><\/p>\n<p style=\"text-align: left;\"><a href=\"https:\/\/psk-stuttgart-esslingen.de\/psk_wp\/wp-content\/uploads\/2025\/09\/PSK-Meister-Uebersicht2025.pdf\" rel=\"attachment wp-att-2437\">Ergebnisse 2025 \u00dcbersicht<\/a><\/p>\n<p style=\"text-align: left;\">Ergebnisse bis 2024<\/p>\n<h3 style=\"text-align: left;\">3. PSK-Meisterschaften Voltigieren<span style=\"font-size: 16px; color: #333333;\">\u00a0<\/span><span style=\"font-size: 16px; text-align: center; color: #666666;\"> <\/span><span style=\"font-size: 16px; color: #666666;\"><\/span><\/h3>\n<p style=\"text-align: left;\"><span style=\"font-size: 16px; color: #666666;\">Aktuell wird die Meisterschaft in Wernau im Rahmen eines Voltigiertages gem. WBO ausgetragen.<\/span><\/p>\n<p style=\"text-align: left;\"><span style=\"font-size: 16px; color: #666666;\"><strong>Meistertitel<\/strong><\/span><\/p>\n<p style=\"text-align: left;\"><span style=\"font-size: 16px; color: #666666;\">Bei den PSK-Meisterschaften Voltigieren, werden nach M\u00f6glichkeit zwei Titel vergeben.<br \/><\/span><\/p>\n<p style=\"text-align: left;\"><span style=\"font-size: 16px; color: #666666;\">PSK-Voligiermeister: A\/B-Gruppen<\/span><span style=\"font-size: 16px; color: #666666;\"><\/span><\/p>\n<p style=\"text-align: left;\"><span style=\"font-size: 16px; color: #666666;\">PSK Einzelvoltigierer A\/B nach Pflicht<\/span><\/p>\n<p style=\"text-align: left;\"><span style=\"font-size: 16px; color: #666666;\"><strong>Meisterschaftsmodus<\/strong> &#8211; Hier geht&#8217;s zur Musterausschreibung<\/span><\/p>\n<p style=\"text-align: left;\"><span style=\"font-size: 16px; color: #666666;\">Die Voltigiergruppe mit der h\u00f6chsten Wertnote bei den A\/B-Gruppen nach Pflicht wird PSK-Meister im Gruppenvoltigieren. <\/span><\/p>\n<p style=\"text-align: left;\"><span style=\"font-size: 16px; color: #666666;\">Der Einzelvoltigierer mit der h\u00f6chsten Wertnote beim Einzel A\/B nach Pflicht wird PSK-Meister im Einzelvoltigieren.<\/span><\/p>\n<p style=\"text-align: left;\"><strong>Ehrenpreise<\/strong><\/p>\n<p style=\"text-align: left;\"><span style=\"font-size: 16px; text-align: center;\">Der Einzelmeister erh\u00e4lt eine Sch\u00e4rpe.<br \/><\/span><span style=\"font-size: 16px; text-align: center;\">Die Platzierten auf den R\u00e4ngen 1-3 herhalten je eine Medaille und eine Einladung zu unserem PSK-Fest. E<\/span><span style=\"font-size: 16px; text-align: center;\">benfalls eingeladen sind die Longenf\u00fchrer.<\/span><span style=\"font-size: 16px; text-align: center;\"><\/span><\/p>\n<p style=\"text-align: left;\">Sollte es eine Gruppenwertung geben, sind auch die Gruppen mit ihren Longenf\u00fchrern eingeladen.<\/p>\n<p style=\"text-align: left;\"><span style=\"font-size: 16px; text-align: center;\"><strong>Ergebnisse <\/strong><\/span><\/p>\n<p style=\"text-align: left;\"><span style=\"font-size: 16px;\">Ergebnisse 2025 &#8211; Wernau &#8211; Ausgetragen in Kl. L als WB<\/span><\/p>\n<p style=\"text-align: left;\">Platz 1: Vanessa Schweizer &#8211; RV Bucheckernhof<\/p>\n<p style=\"text-align: left;\">Platz 2: Leni Sch\u00e4ufele &#8211; LRFV K\u00f6ngen<\/p>\n<p style=\"text-align: left;\">Platz 3: Anne Baur &#8211; LRFV K\u00f6ngen<\/p>\n<p style=\"text-align: left;\">Ergebnisse bis 2024<\/p>\n<p style=\"text-align: left;\"><span style=\"color: #e02b20;\"><\/span><\/p>\n<h3 style=\"text-align: left;\">4. PSK-Meisterschaften Fahren<\/h3>\n<p style=\"text-align: left;\">Die Meisterschaft im Fahren fanden im Rahmen des Fahrertages bei der IG Karragaul statt.<\/p>\n<p style=\"text-align: left;\">Leider haben wir keinen Veranstalter mehr f\u00fcr die Fahrmeisterschaften.<\/p>\n<p style=\"text-align: left;\"><span style=\"font-size: 16px; color: #666666;\"><strong>Meistertitel<\/strong><\/span><\/p>\n<p style=\"text-align: left;\"><span style=\"font-size: 16px;\">Ausgetragen wurde die Meisterschaft im Fahren mit Ein &#8211; und Zweisp\u00e4nnern.\u00a0<\/span><\/p>\n<p style=\"text-align: left;\"><span style=\"font-size: 16px; color: #666666;\"><strong>Meisterschaftsmodus <\/strong>&#8211; Hier geht&#8217;s zur Musterausschreibung<\/span><\/p>\n<p style=\"text-align: left;\">Die Wertnote von der Dressur wird umgewandelt in Strafpunkte. Die Strafpunkte beim Hindernisfahren werden dann zu den Dressurpunkten addiert. Der Fahrer, der in Summe die wenigsten Strafpunkten hat, ist PSK-Meister.<\/p>\n<p style=\"text-align: left;\"><strong>Ehrenpreise<\/strong><\/p>\n<p style=\"text-align: left;\"><span style=\"font-size: 16px; text-align: center;\">Der Einzelmeister erh\u00e4lt eine Sch\u00e4rpe.<br \/><\/span><span style=\"font-size: 16px; text-align: center;\">Die Platzierten auf den R\u00e4ngen 1-3 herhalten je eine Medaille und eine Einladung zu unserem PSK-Fest. <\/span><\/p>\n<p style=\"text-align: left;\"><span style=\"font-size: 16px; text-align: center;\"><strong>Ergebnisse<\/strong><\/span><\/p>\n<p style=\"text-align: left;\"><span style=\"font-size: 16px;\">Ergebnisse bis 2024<\/span><\/p>\n<\/div>\n<p>[\/et_pb_text][\/et_pb_column][\/et_pb_row][\/et_pb_section]<\/p>\n","protected":false},"excerpt":{"rendered":"<p>PSK-Meisterschaften 1. Bezirksmeisterschaften in Dressur und Springen Ende September finden in wechselndem Turnus in der Regel in den Vereinen LRFV K\u00f6ngen und RV N\u00fcrtingen die PSK-Bezirksmeisterschaften in Dressur und Springen statt. In der Klasse E sind nur Junioren bis einschl. 18 Jahren &#8211; U18 &#8211; und in der Klasse A nur Junioren und Junge Reiter [&hellip;]<\/p>\n","protected":false},"author":1,"featured_media":0,"parent":0,"menu_order":0,"comment_status":"closed","ping_status":"closed","template":"","meta":{"_et_pb_use_builder":"on","_et_pb_old_content":"","_et_gb_content_width":"","_mc_calendar":[],"footnotes":""},"class_list":["post-992","page","type-page","status-publish","hentry"],"_links":{"self":[{"href":"https:\/\/psk-stuttgart-esslingen.de\/psk_wp\/wp-json\/wp\/v2\/pages\/992","targetHints":{"allow":["GET"]}}],"collection":[{"href":"https:\/\/psk-stuttgart-esslingen.de\/psk_wp\/wp-json\/wp\/v2\/pages"}],"about":[{"href":"https:\/\/psk-stuttgart-esslingen.de\/psk_wp\/wp-json\/wp\/v2\/types\/page"}],"author":[{"embeddable":true,"href":"https:\/\/psk-stuttgart-esslingen.de\/psk_wp\/wp-json\/wp\/v2\/users\/1"}],"replies":[{"embeddable":true,"href":"https:\/\/psk-stuttgart-esslingen.de\/psk_wp\/wp-json\/wp\/v2\/comments?post=992"}],"version-history":[{"count":23,"href":"https:\/\/psk-stuttgart-esslingen.de\/psk_wp\/wp-json\/wp\/v2\/pages\/992\/revisions"}],"predecessor-version":[{"id":3850,"href":"https:\/\/psk-stuttgart-esslingen.de\/psk_wp\/wp-json\/wp\/v2\/pages\/992\/revisions\/3850"}],"wp:attachment":[{"href":"https:\/\/psk-stuttgart-esslingen.de\/psk_wp\/wp-json\/wp\/v2\/media?parent=992"}],"curies":[{"name":"wp","href":"https:\/\/api.w.org\/{rel}","templated":true}]}}