{"id":3332,"date":"2025-10-13T07:25:28","date_gmt":"2025-10-13T05:25:28","guid":{"rendered":"https:\/\/psk-stuttgart-esslingen.de\/psk_wp\/?post_type=product&#038;p=3332"},"modified":"2026-02-18T05:47:36","modified_gmt":"2026-02-18T04:47:36","slug":"2025-winter-springen-2","status":"publish","type":"product","link":"https:\/\/psk-stuttgart-esslingen.de\/psk_wp\/produkt\/2025-winter-springen-2\/","title":{"rendered":"2025 Winter Springen 2 &#8211; Alle Klassen"},"content":{"rendered":"<table style=\"height: 355px; width: 873px;\">\n<tbody>\n<tr style=\"height: 37px;\">\n<td style=\"height: 37px; width: 123px;\"><strong>Kurs W2<\/strong><\/td>\n<td style=\"height: 37px; width: 750px;\">2025 Winter Springen 2 &#8211; Alle Klassen<\/td>\n<\/tr>\n<tr style=\"height: 23px;\">\n<td style=\"height: 23px; width: 123px;\"><strong>Ort:<\/strong><\/td>\n<td style=\"height: 23px; width: 750px;\">LRFV K\u00f6ngen (Halle 20&#215;60), Erlenh\u00f6fe 5, 73257 K\u00f6ngen<\/td>\n<\/tr>\n<tr style=\"height: 155px;\">\n<td style=\"height: 155px; width: 123px;\"><strong>Ausbilder:<\/strong><\/p>\n<p><strong>\u00a0<\/strong><\/p>\n<p><strong>Beschreibung:<\/strong><\/td>\n<td style=\"height: 155px; width: 750px;\">Olaf Peters<\/p>\n<p>&nbsp;<\/p>\n<p>Springtraining in Gruppen (ca. 4-5 Reiter pro Gruppe) \u00e0 ca. 60 min.<\/td>\n<\/tr>\n<tr style=\"height: 23px;\">\n<td style=\"height: 23px; width: 123px;\"><strong>Kosten:<\/strong><\/td>\n<td style=\"height: 23px; width: 750px;\">Pro Pferd: 60,- EUR.<\/td>\n<\/tr>\n<tr style=\"height: 23px;\">\n<td style=\"height: 23px; width: 123px;\"><strong>Termine:<\/strong><\/td>\n<td style=\"height: 23px; width: 750px;\">06.\/07.12.<\/td>\n<\/tr>\n<tr style=\"height: 23px;\">\n<td style=\"height: 23px; width: 123px;\"><strong>.Anmeldeschluss:.<\/strong><\/td>\n<td style=\"height: 23px; width: 750px;\">\u00dcber das PSK Portal (s.o.) 14 Tage vor Beginn.<\/td>\n<\/tr>\n<tr style=\"height: 71px;\">\n<td style=\"height: 71px; width: 123px;\"><strong>Zugelassen:<\/strong><\/td>\n<td style=\"height: 71px; width: 750px;\">Teilnehmer aller Leistungsklassen.<br \/>\nDie Teilnehmerzahl ist begrenzt.<br \/>\nTeilnehmer und Pferde sollten mindestens auf den Niveau eines E-Springens (LPO\/WBO) sein.<\/td>\n<\/tr>\n<\/tbody>\n<\/table>\n","protected":false},"excerpt":{"rendered":"<p>Kurs W2 2025 Winter Springen 2 &#8211; Alle Klassen Ort: LRFV K\u00f6ngen (Halle 20&#215;60), Erlenh\u00f6fe 5, 73257 K\u00f6ngen Ausbilder: \u00a0 Beschreibung: Olaf Peters &nbsp; Springtraining in Gruppen (ca. 4-5 Reiter pro Gruppe) \u00e0 ca. 60 min. Kosten: Pro Pferd: 60,- EUR. Termine: 06.\/07.12. .Anmeldeschluss:. \u00dcber das PSK Portal (s.o.) 14 Tage vor Beginn. Zugelassen: Teilnehmer [&hellip;]<\/p>\n","protected":false},"featured_media":894,"template":"","meta":{"_et_pb_use_builder":"","_et_pb_old_content":"","_et_gb_content_width":""},"product_brand":[],"product_cat":[71],"product_tag":[],"class_list":{"0":"post-3332","1":"product","2":"type-product","3":"status-publish","4":"has-post-thumbnail","6":"product_cat-unkategorisiert","8":"first","9":"instock","10":"virtual","11":"purchasable","12":"product-type-simple"},"_links":{"self":[{"href":"https:\/\/psk-stuttgart-esslingen.de\/psk_wp\/wp-json\/wp\/v2\/product\/3332","targetHints":{"allow":["GET"]}}],"collection":[{"href":"https:\/\/psk-stuttgart-esslingen.de\/psk_wp\/wp-json\/wp\/v2\/product"}],"about":[{"href":"https:\/\/psk-stuttgart-esslingen.de\/psk_wp\/wp-json\/wp\/v2\/types\/product"}],"wp:featuredmedia":[{"embeddable":true,"href":"https:\/\/psk-stuttgart-esslingen.de\/psk_wp\/wp-json\/wp\/v2\/media\/894"}],"wp:attachment":[{"href":"https:\/\/psk-stuttgart-esslingen.de\/psk_wp\/wp-json\/wp\/v2\/media?parent=3332"}],"wp:term":[{"taxonomy":"product_brand","embeddable":true,"href":"https:\/\/psk-stuttgart-esslingen.de\/psk_wp\/wp-json\/wp\/v2\/product_brand?post=3332"},{"taxonomy":"product_cat","embeddable":true,"href":"https:\/\/psk-stuttgart-esslingen.de\/psk_wp\/wp-json\/wp\/v2\/product_cat?post=3332"},{"taxonomy":"product_tag","embeddable":true,"href":"https:\/\/psk-stuttgart-esslingen.de\/psk_wp\/wp-json\/wp\/v2\/product_tag?post=3332"}],"curies":[{"name":"wp","href":"https:\/\/api.w.org\/{rel}","templated":true}]}}