{"id":3619,"date":"2025-12-01T05:21:14","date_gmt":"2025-12-01T04:21:14","guid":{"rendered":"https:\/\/psk-stuttgart-esslingen.de\/psk_wp\/?post_type=product&#038;p=3619"},"modified":"2026-03-25T07:08:50","modified_gmt":"2026-03-25T06:08:50","slug":"2026-dressur-alle-klassen-und-junge-pferde","status":"publish","type":"product","link":"https:\/\/psk-stuttgart-esslingen.de\/psk_wp\/produkt\/2026-dressur-alle-klassen-und-junge-pferde\/","title":{"rendered":"2026 Dressur und Junge Pferde 1"},"content":{"rendered":"<table style=\"height: 152px; width: 873px;\">\n<tbody>\n<tr style=\"height: 37px;\">\n<td style=\"height: 37px; width: 123.703px;\"><strong>Lehrgang D 3<\/strong><\/td>\n<td style=\"height: 37px; width: 733.297px;\"><strong>Dressur alle Klassen und Junge Pferde<\/strong><\/td>\n<\/tr>\n<tr style=\"height: 23px;\">\n<td style=\"height: 23px; width: 123.703px;\"><strong>Ort:<\/strong><\/td>\n<td style=\"height: 23px; width: 733.297px;\">RC Bissingen (Halle 40 x 20 m)<\/td>\n<\/tr>\n<tr>\n<td style=\"width: 123.703px;\"><strong>Ausbilder:<br \/>\nBeschreibung:<br \/>\n<\/strong><\/td>\n<td style=\"width: 733.297px;\"><span class=\"bm_details_overlay\" tabindex=\"0\" data-detailsoverlay=\"{&quot;centerLatitude&quot;:48.61589050292969,&quot;centerLongitude&quot;:9.509599685668945,&quot;zoom&quot;:16,&quot;localDetailsState&quot;:{&quot;entityType&quot;:&quot;Business&quot;,&quot;launchOverflowTaskOnTaskActivate&quot;:false,&quot;query&quot;:&quot;Reit-und Fahrverein Weilheim an der Teck&quot;,&quot;id&quot;:&quot;ypid:YN6740x11865937793568950702&quot;,&quot;disableComputingMapViewForLoadingOnly&quot;:true,&quot;formCode&quot;:&quot;MPSRPL&quot;,&quot;mapsEntryPointState&quot;:{&quot;answerService&quot;:&quot;LocalCard&quot;,&quot;answerScenario&quot;:&quot;EntityCardWithMapAndImage&quot;,&quot;segment&quot;:&quot;&quot;,&quot;region&quot;:&quot;Embedded&quot;,&quot;entryPoint&quot;:&quot;Details_Link&quot;}}}\">Katrin Burger<br \/>\nDressur- und Aufgabentraining im Einzelunterricht \u00e0 ca. 30 min.<br \/>\n<\/span><\/td>\n<\/tr>\n<tr style=\"height: 23px;\">\n<td style=\"height: 23px; width: 123.703px;\"><strong>Kosten:<\/strong><\/td>\n<td style=\"height: 23px; width: 733.297px;\">Pro Pferd: 145,00 EUR.<\/td>\n<\/tr>\n<tr style=\"height: 23px;\">\n<td style=\"height: 23px; width: 123.703px;\"><strong>Termine:<\/strong><\/td>\n<td style=\"height: 23px; width: 733.297px;\">14.\/15.03.<\/td>\n<\/tr>\n<tr style=\"height: 23px;\">\n<td style=\"height: 23px; width: 123.703px;\"><strong>.Anmeldeschluss:.<\/strong><\/td>\n<td style=\"height: 23px; width: 733.297px;\">\u00dcber das PSK-Portal (s.o.) 14 Tage vor Beginn.<\/td>\n<\/tr>\n<tr>\n<td style=\"width: 123.703px;\"><strong>Zugelassen:<\/strong><\/td>\n<td style=\"width: 733.297px;\">Teilnehmer aller LKs zugelassen. Die Teilnehmerzahl ist begrenz.<br \/>\nDie Reiter und Pferde m\u00fcssen mindestens Platzierungen in der Kl. L nachweisen. F\u00fcr junge Pferde (4-7-j\u00e4hrig) sind keine Platzierungen erforderlich, m\u00fcssen aber einen Ausbildungsstand von mindestens Reitpferdeniveau haben<\/td>\n<\/tr>\n<\/tbody>\n<\/table>\n","protected":false},"excerpt":{"rendered":"<p>Lehrgang D 3 Dressur alle Klassen und Junge Pferde Ort: RC Bissingen (Halle 40 x 20 m) Ausbilder: Beschreibung: Katrin Burger Dressur- und Aufgabentraining im Einzelunterricht \u00e0 ca. 30 min. Kosten: Pro Pferd: 145,00 EUR. Termine: 14.\/15.03. .Anmeldeschluss:. \u00dcber das PSK-Portal (s.o.) 14 Tage vor Beginn. Zugelassen: Teilnehmer aller LKs zugelassen. Die Teilnehmerzahl ist begrenz. [&hellip;]<\/p>\n","protected":false},"featured_media":2463,"template":"","meta":{"_et_pb_use_builder":"","_et_pb_old_content":"","_et_gb_content_width":""},"product_brand":[],"product_cat":[71],"product_tag":[],"class_list":{"0":"post-3619","1":"product","2":"type-product","3":"status-publish","4":"has-post-thumbnail","6":"product_cat-unkategorisiert","8":"first","9":"outofstock","10":"virtual","11":"purchasable","12":"product-type-simple"},"_links":{"self":[{"href":"https:\/\/psk-stuttgart-esslingen.de\/psk_wp\/wp-json\/wp\/v2\/product\/3619","targetHints":{"allow":["GET"]}}],"collection":[{"href":"https:\/\/psk-stuttgart-esslingen.de\/psk_wp\/wp-json\/wp\/v2\/product"}],"about":[{"href":"https:\/\/psk-stuttgart-esslingen.de\/psk_wp\/wp-json\/wp\/v2\/types\/product"}],"wp:featuredmedia":[{"embeddable":true,"href":"https:\/\/psk-stuttgart-esslingen.de\/psk_wp\/wp-json\/wp\/v2\/media\/2463"}],"wp:attachment":[{"href":"https:\/\/psk-stuttgart-esslingen.de\/psk_wp\/wp-json\/wp\/v2\/media?parent=3619"}],"wp:term":[{"taxonomy":"product_brand","embeddable":true,"href":"https:\/\/psk-stuttgart-esslingen.de\/psk_wp\/wp-json\/wp\/v2\/product_brand?post=3619"},{"taxonomy":"product_cat","embeddable":true,"href":"https:\/\/psk-stuttgart-esslingen.de\/psk_wp\/wp-json\/wp\/v2\/product_cat?post=3619"},{"taxonomy":"product_tag","embeddable":true,"href":"https:\/\/psk-stuttgart-esslingen.de\/psk_wp\/wp-json\/wp\/v2\/product_tag?post=3619"}],"curies":[{"name":"wp","href":"https:\/\/api.w.org\/{rel}","templated":true}]}}