{"id":3636,"date":"2025-12-01T06:38:34","date_gmt":"2025-12-01T05:38:34","guid":{"rendered":"https:\/\/psk-stuttgart-esslingen.de\/psk_wp\/?post_type=product&#038;p=3636"},"modified":"2026-03-10T19:18:09","modified_gmt":"2026-03-10T18:18:09","slug":"2026-springen-alle-klassen-und-junge-pferde","status":"publish","type":"product","link":"https:\/\/psk-stuttgart-esslingen.de\/psk_wp\/produkt\/2026-springen-alle-klassen-und-junge-pferde\/","title":{"rendered":"2026 Springen alle Klassen und Junge Pferde"},"content":{"rendered":"<table style=\"height: 210px; width: 873px;\">\n<tbody>\n<tr style=\"height: 37px;\">\n<td style=\"height: 37px; width: 123.734px;\"><strong>Kurs S1<\/strong><\/td>\n<td style=\"height: 37px; width: 733.266px;\">Springen alle Klassen und Junge Pferde<\/td>\n<\/tr>\n<tr style=\"height: 23px;\">\n<td style=\"height: 23px; width: 123.734px;\"><strong>Ort:<\/strong><\/td>\n<td style=\"height: 23px; width: 733.266px;\">RFV Filderstadt (Halle 20&#215;40), Seestr. 19, 70794 Filderstadt<\/td>\n<\/tr>\n<tr>\n<td style=\"width: 123.734px;\"><strong>Ausbilder:<br \/>\nBeschreibung:<\/strong><\/td>\n<td style=\"width: 733.266px;\">Dominik Todten<br \/>\nSpringtraining in Gruppen (ca. 3-5 Reiter pro Gruppe) \u00e0 ca. 60 min.<\/td>\n<\/tr>\n<tr style=\"height: 23px;\">\n<td style=\"height: 23px; width: 123.734px;\"><strong>Kosten:<\/strong><\/td>\n<td style=\"height: 23px; width: 733.266px;\">Pro Pferd: 45,- EUR.<\/td>\n<\/tr>\n<tr style=\"height: 23px;\">\n<td style=\"height: 23px; width: 123.734px;\"><strong>Termine:<\/strong><\/td>\n<td style=\"height: 23px; width: 733.266px;\">14.\/15.03.<\/td>\n<\/tr>\n<tr style=\"height: 23px;\">\n<td style=\"height: 23px; width: 123.734px;\"><strong>.Anmeldeschluss:.<\/strong><\/td>\n<td style=\"height: 23px; width: 733.266px;\">\u00dcber das PSK Portal (s.o.) 14 Tage vor Beginn.<\/td>\n<\/tr>\n<tr>\n<td style=\"width: 123.734px;\"><strong>Zugelassen:<\/strong><\/td>\n<td style=\"width: 733.266px;\">Teilnehmer der LK 1 bis 7 zugelassen.<br \/>\nDie Teilnehmerzahl ist begrenzt.<br \/>\nTeilnehmer und Pferde sollten mindestens auf dem Niveau eines E-Springens (LPO\/WBO) sein.<br \/>\nF\u00fcr junge Pferde (4-7-j\u00e4hrig) sind keine Platzierungen erforderlich, m\u00fcssen aber schon Springerfahrung haben.<\/td>\n<\/tr>\n<\/tbody>\n<\/table>\n<p>&nbsp;<\/p>\n","protected":false},"excerpt":{"rendered":"<p>Kurs S1 Springen alle Klassen und Junge Pferde Ort: RFV Filderstadt (Halle 20&#215;40), Seestr. 19, 70794 Filderstadt Ausbilder: Beschreibung: Dominik Todten Springtraining in Gruppen (ca. 3-5 Reiter pro Gruppe) \u00e0 ca. 60 min. Kosten: Pro Pferd: 45,- EUR. Termine: 14.\/15.03. .Anmeldeschluss:. \u00dcber das PSK Portal (s.o.) 14 Tage vor Beginn. Zugelassen: Teilnehmer der LK 1 [&hellip;]<\/p>\n","protected":false},"featured_media":894,"template":"","meta":{"_et_pb_use_builder":"","_et_pb_old_content":"","_et_gb_content_width":""},"product_brand":[],"product_cat":[71],"product_tag":[],"class_list":{"0":"post-3636","1":"product","2":"type-product","3":"status-publish","4":"has-post-thumbnail","6":"product_cat-unkategorisiert","8":"first","9":"instock","10":"virtual","11":"purchasable","12":"product-type-simple"},"_links":{"self":[{"href":"https:\/\/psk-stuttgart-esslingen.de\/psk_wp\/wp-json\/wp\/v2\/product\/3636","targetHints":{"allow":["GET"]}}],"collection":[{"href":"https:\/\/psk-stuttgart-esslingen.de\/psk_wp\/wp-json\/wp\/v2\/product"}],"about":[{"href":"https:\/\/psk-stuttgart-esslingen.de\/psk_wp\/wp-json\/wp\/v2\/types\/product"}],"wp:featuredmedia":[{"embeddable":true,"href":"https:\/\/psk-stuttgart-esslingen.de\/psk_wp\/wp-json\/wp\/v2\/media\/894"}],"wp:attachment":[{"href":"https:\/\/psk-stuttgart-esslingen.de\/psk_wp\/wp-json\/wp\/v2\/media?parent=3636"}],"wp:term":[{"taxonomy":"product_brand","embeddable":true,"href":"https:\/\/psk-stuttgart-esslingen.de\/psk_wp\/wp-json\/wp\/v2\/product_brand?post=3636"},{"taxonomy":"product_cat","embeddable":true,"href":"https:\/\/psk-stuttgart-esslingen.de\/psk_wp\/wp-json\/wp\/v2\/product_cat?post=3636"},{"taxonomy":"product_tag","embeddable":true,"href":"https:\/\/psk-stuttgart-esslingen.de\/psk_wp\/wp-json\/wp\/v2\/product_tag?post=3636"}],"curies":[{"name":"wp","href":"https:\/\/api.w.org\/{rel}","templated":true}]}}