{"id":3669,"date":"2025-12-01T10:25:12","date_gmt":"2025-12-01T09:25:12","guid":{"rendered":"https:\/\/psk-stuttgart-esslingen.de\/psk_wp\/?post_type=product&#038;p=3669"},"modified":"2026-03-28T06:20:28","modified_gmt":"2026-03-28T05:20:28","slug":"2026-trainingswochenende-fuer-ein-und-zweispaenner-2","status":"publish","type":"product","link":"https:\/\/psk-stuttgart-esslingen.de\/psk_wp\/produkt\/2026-trainingswochenende-fuer-ein-und-zweispaenner-2\/","title":{"rendered":"2026 Trainingstag f\u00fcr Ein- und Zweisp\u00e4nner 2"},"content":{"rendered":"<table style=\"height: 210px; width: 873px;\">\n<tbody>\n<tr style=\"height: 37px;\">\n<td style=\"height: 37px; width: 123.734px;\"><strong>Kurs LF2<\/strong><\/td>\n<td style=\"height: 37px; width: 733.266px;\"><strong>Trainingstag f\u00fcr Ein- und Zweisp\u00e4nner<\/strong><\/td>\n<\/tr>\n<tr style=\"height: 23px;\">\n<td style=\"height: 23px; width: 123.734px;\"><strong>Ort:<\/strong><\/td>\n<td style=\"height: 23px; width: 733.266px;\">RFV Filderstadt (Au\u00dfenplatz), Seestr. 19, 70794 Filderstadt<\/td>\n<\/tr>\n<tr>\n<td style=\"width: 123.734px;\"><strong><strong>Ausbilder:<br \/>\nBeschreibung:<\/strong><\/strong><\/td>\n<td style=\"width: 733.266px;\">Wolfgang Lohrer<br \/>\nGeplant: 2 Einheiten pro Tag<br \/>\nGeplanter Zeitablauf:<br \/>\nBeginn Sonntag 8:30 Uhr, Mittag 12:30-13:30 Uhr, Ende 17:30 Uhr<\/td>\n<\/tr>\n<tr style=\"height: 23px;\">\n<td style=\"height: 23px; width: 123.734px;\"><strong>Kosten:<\/strong><\/td>\n<td style=\"height: 23px; width: 733.266px;\">Pro Pferd: 65,00 EUR.<\/td>\n<\/tr>\n<tr style=\"height: 23px;\">\n<td style=\"height: 23px; width: 123.734px;\"><strong>Termine:<\/strong><\/td>\n<td style=\"height: 23px; width: 733.266px;\">29.03.<\/td>\n<\/tr>\n<tr style=\"height: 23px;\">\n<td style=\"height: 23px; width: 123.734px;\"><strong>.Anmeldeschluss:.<\/strong><\/td>\n<td style=\"height: 23px; width: 733.266px;\">26.03.<\/td>\n<\/tr>\n<tr>\n<td style=\"width: 123.734px;\"><strong>Zugelassen:<\/strong><\/td>\n<td style=\"width: 733.266px;\">Teilnehmer aller LK; Anzahl ist generell und pro TN auf 1 Startplatz begrenzt.<\/td>\n<\/tr>\n<\/tbody>\n<\/table>\n<p>&nbsp;<\/p>\n","protected":false},"excerpt":{"rendered":"<p>Kurs LF2 Trainingstag f\u00fcr Ein- und Zweisp\u00e4nner Ort: RFV Filderstadt (Au\u00dfenplatz), Seestr. 19, 70794 Filderstadt Ausbilder: Beschreibung: Wolfgang Lohrer Geplant: 2 Einheiten pro Tag Geplanter Zeitablauf: Beginn Sonntag 8:30 Uhr, Mittag 12:30-13:30 Uhr, Ende 17:30 Uhr Kosten: Pro Pferd: 65,00 EUR. Termine: 29.03. .Anmeldeschluss:. 26.03. Zugelassen: Teilnehmer aller LK; Anzahl ist generell und pro TN [&hellip;]<\/p>\n","protected":false},"featured_media":894,"template":"","meta":{"_et_pb_use_builder":"","_et_pb_old_content":"","_et_gb_content_width":""},"product_brand":[],"product_cat":[77],"product_tag":[],"class_list":{"0":"post-3669","1":"product","2":"type-product","3":"status-publish","4":"has-post-thumbnail","6":"product_cat-longieren-und-fahren","8":"first","9":"outofstock","10":"virtual","11":"purchasable","12":"product-type-simple"},"_links":{"self":[{"href":"https:\/\/psk-stuttgart-esslingen.de\/psk_wp\/wp-json\/wp\/v2\/product\/3669","targetHints":{"allow":["GET"]}}],"collection":[{"href":"https:\/\/psk-stuttgart-esslingen.de\/psk_wp\/wp-json\/wp\/v2\/product"}],"about":[{"href":"https:\/\/psk-stuttgart-esslingen.de\/psk_wp\/wp-json\/wp\/v2\/types\/product"}],"wp:featuredmedia":[{"embeddable":true,"href":"https:\/\/psk-stuttgart-esslingen.de\/psk_wp\/wp-json\/wp\/v2\/media\/894"}],"wp:attachment":[{"href":"https:\/\/psk-stuttgart-esslingen.de\/psk_wp\/wp-json\/wp\/v2\/media?parent=3669"}],"wp:term":[{"taxonomy":"product_brand","embeddable":true,"href":"https:\/\/psk-stuttgart-esslingen.de\/psk_wp\/wp-json\/wp\/v2\/product_brand?post=3669"},{"taxonomy":"product_cat","embeddable":true,"href":"https:\/\/psk-stuttgart-esslingen.de\/psk_wp\/wp-json\/wp\/v2\/product_cat?post=3669"},{"taxonomy":"product_tag","embeddable":true,"href":"https:\/\/psk-stuttgart-esslingen.de\/psk_wp\/wp-json\/wp\/v2\/product_tag?post=3669"}],"curies":[{"name":"wp","href":"https:\/\/api.w.org\/{rel}","templated":true}]}}